{"id":684,"date":"2022-04-28T13:48:36","date_gmt":"2022-04-28T13:48:36","guid":{"rendered":"https:\/\/demo.creativethemes.com\/blocksy\/gadgets\/?page_id=6"},"modified":"2024-04-18T07:43:42","modified_gmt":"2024-04-18T07:43:42","slug":"palvelut","status":"publish","type":"page","link":"https:\/\/www.mertalainnovations.fi\/en\/palvelut\/","title":{"rendered":"Services"},"content":{"rendered":"<div class=\"wp-block-stackable-columns stk-block-columns stk-block stk-eeb03b9\" data-block-id=\"eeb03b9\"><div class=\"stk-row stk-inner-blocks stk-block-content stk-content-align stk-eeb03b9-column\">\n<div class=\"wp-block-stackable-column stk-block-column stk-column stk-block stk-61852ac\" data-v=\"4\" data-block-id=\"61852ac\"><style>@media screen and (min-width:768px){.stk-61852ac{flex:1 1 calc(50% - var(--stk-column-gap,0px) * 1 \/ 2 ) !important}}<\/style><div class=\"stk-column-wrapper stk-block-column__content stk-container stk-61852ac-container stk--no-background stk--no-padding\"><div class=\"stk-block-content stk-inner-blocks stk-61852ac-inner-blocks\">\n<figure class=\"wp-block-image aligncenter size-large\"><img loading=\"lazy\" decoding=\"async\" width=\"1024\" height=\"1024\" src=\"https:\/\/www.mertalainnovations.fi\/wp-content\/uploads\/2023\/05\/AT1A8853-edited-2-1024x1024.jpg\" alt=\"\" class=\"wp-image-1280\" srcset=\"https:\/\/www.mertalainnovations.fi\/wp-content\/uploads\/2023\/05\/AT1A8853-edited-2-1024x1024.jpg 1024w, https:\/\/www.mertalainnovations.fi\/wp-content\/uploads\/2023\/05\/AT1A8853-edited-2-300x300.jpg 300w, https:\/\/www.mertalainnovations.fi\/wp-content\/uploads\/2023\/05\/AT1A8853-edited-2-150x150.jpg 150w, https:\/\/www.mertalainnovations.fi\/wp-content\/uploads\/2023\/05\/AT1A8853-edited-2-768x768.jpg 768w, https:\/\/www.mertalainnovations.fi\/wp-content\/uploads\/2023\/05\/AT1A8853-edited-2-1536x1536.jpg 1536w, https:\/\/www.mertalainnovations.fi\/wp-content\/uploads\/2023\/05\/AT1A8853-edited-2-2048x2048.jpg 2048w, https:\/\/www.mertalainnovations.fi\/wp-content\/uploads\/2023\/05\/AT1A8853-edited-2-12x12.jpg 12w\" sizes=\"auto, (max-width: 1024px) 100vw, 1024px\" \/><\/figure>\n<\/div><\/div><\/div>\n\n\n\n<div class=\"wp-block-stackable-column stk-block-column stk-column stk-block stk-d9da333 stk-block-column--v3 stk-block-column--v2\" data-v=\"4\" id=\"suunnittelupalvelut\" data-block-id=\"d9da333\"><style>@media screen and (min-width:768px){.stk-d9da333{flex:1 1 calc(50% - var(--stk-column-gap,0px) * 1 \/ 2 ) !important}}<\/style><div class=\"stk-column-wrapper stk-block-column__content stk-container stk-d9da333-container stk--no-background stk--no-padding\"><div class=\"stk-block-content stk-inner-blocks stk-d9da333-inner-blocks\">\n<h3 class=\"wp-block-heading has-text-align-left has-palette-color-2-color has-text-color\" id=\"suunnittelupalvelu\"><strong>Mechanical Engineering<\/strong><\/h3>\n\n\n\n<p>Our strength lies in the combination of modern engineering expertise and extensive experience in machine design and construction. We leverage cutting-edge technology and the latest software in our operations. We provide services ranging from simple modeling and technical drawings to more complex and challenging projects.<\/p>\n\n\n\n<p>Our primary design software is Autodesk Inventor Professional, along with PDM software Vault Professional. We also utilize several other Autodesk programs. We aim to be flexible according to our clients' needs and can perform design work with other software like SolidWorks as well.<\/p>\n\n\n\n<p>In addition to 3D models and technical drawings, we produce technical documents such as user manuals, maintenance guides, and safety regulations. We prepare the necessary documentation for CE marking of equipment. We support our customers in identifying hazards and conducting risk assessments in compliance with machinery directives. <\/p>\n\n\n\n<div class=\"wp-block-stackable-button-group stk-block-button-group stk-block stk-eb918cd\" data-block-id=\"eb918cd\"><div class=\"stk-row stk-inner-blocks stk-block-content stk-button-group\">\n<div class=\"wp-block-stackable-button stk-block-button stk-block stk-066e85a\" data-block-id=\"066e85a\"><style>.stk-066e85a .stk-button{background:#000064 !important;border-top-left-radius:50px !important;border-top-right-radius:50px !important;border-bottom-right-radius:50px !important;border-bottom-left-radius:50px !important}.stk-066e85a .stk-button__inner-text{color:var(--paletteColor8,#ffffff) !important}<\/style><a class=\"stk-link stk-button stk--hover-effect-darken\" href=\"\/en\/www.mertalainnovations.fi\/mekaniikkasuunnittelu\/\"><span class=\"has-text-color stk-button__inner-text\">Read more and request a quote<\/span><\/a><\/div>\n<\/div><\/div>\n<\/div><\/div><\/div>\n<\/div><\/div>\n\n\n\n<div class=\"wp-block-stackable-spacer stk-block-spacer stk--no-padding stk-block stk-fbfb438\" data-block-id=\"fbfb438\"><\/div>\n\n\n\n<div class=\"wp-block-stackable-columns stk-block-columns stk-block stk-e66edbb\" data-block-id=\"e66edbb\"><style>.stk-e66edbb{margin-bottom:50px !important}<\/style><div class=\"stk-row stk-inner-blocks stk-block-content stk-content-align stk-e66edbb-column\">\n<div class=\"wp-block-stackable-column stk-block-column stk-column stk-block stk-58efb85\" data-v=\"4\" data-block-id=\"58efb85\"><style>@media screen and (min-width:768px){.stk-58efb85{flex:1 1 calc(50% - var(--stk-column-gap,0px) * 1 \/ 2 ) !important}}<\/style><div class=\"stk-column-wrapper stk-block-column__content stk-container stk-58efb85-container stk--no-background stk--no-padding\"><div class=\"stk-block-content stk-inner-blocks stk-58efb85-inner-blocks\">\n<h3 class=\"wp-block-heading has-text-align-left has-palette-color-2-color has-text-color\" id=\"tekninenlaskenta\"><strong>Strength Calculation<\/strong><\/h3>\n\n\n\n<p>Our strength calculation services include strength calculations of various steel structures using either the finite element method or analytical methods. We perform finite element method-based calculations using Siemens' Femap software and Nastran in CAD application integrated with Inventor.<\/p>\n\n\n\n<p>Strength calculations can significantly improve the service life of structures, optimize structural weight, or determine foundation loads for equipment in both operational and seismic conditions. In typical calculation cases, we adhere to relevant standards such as Eurocode standards or pressure equipment standard EN 13445. We provide reports of calculations for inspection authorities or directly for the client's use.<\/p>\n\n\n\n<div class=\"wp-block-stackable-button-group stk-block-button-group stk-block stk-7196062\" data-block-id=\"7196062\"><div class=\"stk-row stk-inner-blocks stk-block-content stk-button-group\">\n<div class=\"wp-block-stackable-button stk-block-button stk-block stk-ef69102\" data-block-id=\"ef69102\"><style>.stk-ef69102 .stk-button{background:#000064 !important;border-top-left-radius:50px !important;border-top-right-radius:50px !important;border-bottom-right-radius:50px !important;border-bottom-left-radius:50px !important}.stk-ef69102 .stk-button__inner-text{color:var(--paletteColor8,#ffffff) !important}<\/style><a class=\"stk-link stk-button stk--hover-effect-darken\" href=\"\/en\/www.mertalainnovations.fi\/lujuuslaskenta\/\"><span class=\"has-text-color stk-button__inner-text\">Read more and request a quote<\/span><\/a><\/div>\n<\/div><\/div>\n<\/div><\/div><\/div>\n\n\n\n<div class=\"wp-block-stackable-column stk-block-column stk-column stk-block stk-fcbcfd6\" data-v=\"4\" data-block-id=\"fcbcfd6\"><style>@media screen and (min-width:768px){.stk-fcbcfd6{flex:1 1 calc(50% - var(--stk-column-gap,0px) * 1 \/ 2 ) !important}}<\/style><div class=\"stk-column-wrapper stk-block-column__content stk-container stk-fcbcfd6-container stk--no-background stk--no-padding\"><div class=\"stk-block-content stk-inner-blocks stk-fcbcfd6-inner-blocks\">\n<figure class=\"wp-block-gallery has-nested-images columns-default is-cropped wp-block-gallery-1 is-layout-flex wp-block-gallery-is-layout-flex\">\n<figure class=\"wp-block-image size-full\"><img loading=\"lazy\" decoding=\"async\" width=\"2957\" height=\"2218\" data-id=\"1261\" src=\"https:\/\/www.mertalainnovations.fi\/wp-content\/uploads\/2023\/05\/MI_FEA2_eri-taustavari-edited-1.png\" alt=\"\" class=\"wp-image-1261\" srcset=\"https:\/\/www.mertalainnovations.fi\/wp-content\/uploads\/2023\/05\/MI_FEA2_eri-taustavari-edited-1.png 2957w, https:\/\/www.mertalainnovations.fi\/wp-content\/uploads\/2023\/05\/MI_FEA2_eri-taustavari-edited-1-300x225.png 300w, https:\/\/www.mertalainnovations.fi\/wp-content\/uploads\/2023\/05\/MI_FEA2_eri-taustavari-edited-1-1024x768.png 1024w, https:\/\/www.mertalainnovations.fi\/wp-content\/uploads\/2023\/05\/MI_FEA2_eri-taustavari-edited-1-768x576.png 768w, https:\/\/www.mertalainnovations.fi\/wp-content\/uploads\/2023\/05\/MI_FEA2_eri-taustavari-edited-1-1536x1152.png 1536w, https:\/\/www.mertalainnovations.fi\/wp-content\/uploads\/2023\/05\/MI_FEA2_eri-taustavari-edited-1-2048x1536.png 2048w, https:\/\/www.mertalainnovations.fi\/wp-content\/uploads\/2023\/05\/MI_FEA2_eri-taustavari-edited-1-16x12.png 16w\" sizes=\"auto, (max-width: 2957px) 100vw, 2957px\" \/><\/figure>\n<\/figure>\n<\/div><\/div><\/div>\n<\/div><\/div>\n\n\n\n<div class=\"wp-block-stackable-columns stk-block-columns stk-block stk-6f40996\" data-block-id=\"6f40996\"><style>.stk-6f40996{margin-bottom:74px !important}.stk-6f40996-column{row-gap:0px !important}<\/style><div class=\"stk-row stk-inner-blocks stk-block-content stk-content-align stk-6f40996-column\">\n<div class=\"wp-block-stackable-column stk-block-column stk-column stk-block stk-42b8590\" data-v=\"4\" data-block-id=\"42b8590\"><style>.stk-42b8590{top:15px !important}<\/style><div class=\"stk-column-wrapper stk-block-column__content stk-container stk-42b8590-container stk--no-background stk--no-padding\"><div class=\"stk-block-content stk-inner-blocks stk-42b8590-inner-blocks\">\n<figure class=\"wp-block-image aligncenter size-full\"><img loading=\"lazy\" decoding=\"async\" width=\"705\" height=\"806\" src=\"https:\/\/www.mertalainnovations.fi\/wp-content\/uploads\/2024\/01\/keilaus-4.png\" alt=\"\" class=\"wp-image-1785\" srcset=\"https:\/\/www.mertalainnovations.fi\/wp-content\/uploads\/2024\/01\/keilaus-4.png 705w, https:\/\/www.mertalainnovations.fi\/wp-content\/uploads\/2024\/01\/keilaus-4-262x300.png 262w, https:\/\/www.mertalainnovations.fi\/wp-content\/uploads\/2024\/01\/keilaus-4-10x12.png 10w\" sizes=\"auto, (max-width: 705px) 100vw, 705px\" \/><\/figure>\n\n\n\n<p class=\"has-palette-color-8-color has-text-color has-medium-font-size\"> &#8211;<\/p>\n<\/div><\/div><\/div>\n\n\n\n<div class=\"wp-block-stackable-column stk-block-column stk-column stk-block stk-56598b1\" data-v=\"4\" data-block-id=\"56598b1\"><div class=\"stk-column-wrapper stk-block-column__content stk-container stk-56598b1-container stk--no-background stk--no-padding\"><div class=\"stk-block-content stk-inner-blocks stk-56598b1-inner-blocks\">\n<h3 class=\"wp-block-heading has-text-align-left has-palette-color-2-color has-text-color\" id=\"skannauspalvelut\">Laser Scanning and 3<strong><strong>D Scanning<\/strong><\/strong><\/h3>\n\n\n\n<p>We have been offering laser scanning services with our own equipment since 2018. We utilize Leica Geosystems' BLK360 and RTC360 laser scanners and Leica Cyclone registration software. We produce registered point cloud data in common file formats as well as 360-degree photographs from scanning points. From the point cloud, we generate colored mesh models, solid models, or prepare measurement reports according to customer needs.<\/p>\n\n\n\n<p>Since 2019, we have also been conducting 3D scanning using the customer's own equipment for quality inspection purposes. We have been using Creaform's MetraSCAN3D scanner and VXElements software. For analyzing scan results and assessing compliance with requirements, we have utilized Innovmetric's Polyworks software. In 2023, we acquired Creaform's HandySCAN 307\u2122 Elite scanner for reverse engineering, quality assurance, or other 3D measurement projects. <\/p>\n\n\n\n<p>With experience from several tens of projects, we dare to state that laser scanning technology brings tangible benefits in design projects. The investments we made in 2023 have increased our capability to offer our services to various sectors.<\/p>\n\n\n\n<div class=\"wp-block-stackable-button-group stk-block-button-group stk-block stk-0e414fb\" data-block-id=\"0e414fb\"><div class=\"stk-row stk-inner-blocks stk-block-content stk-button-group\">\n<div class=\"wp-block-stackable-button stk-block-button stk-block stk-4d9933d\" data-block-id=\"4d9933d\"><style>.stk-4d9933d .stk-button{background:#000064 !important;border-top-left-radius:50px !important;border-top-right-radius:50px !important;border-bottom-right-radius:50px !important;border-bottom-left-radius:50px !important}.stk-4d9933d .stk-button__inner-text{color:var(--paletteColor8,#ffffff) !important}<\/style><a class=\"stk-link stk-button stk--hover-effect-darken\" href=\"\/en\/www.mertalainnovations.fi\/skannauspalvelut\/\"><span class=\"has-text-color stk-button__inner-text\">Read more and request a quote<\/span><\/a><\/div>\n<\/div><\/div>\n<\/div><\/div><\/div>\n<\/div><\/div>","protected":false},"excerpt":{"rendered":"<p>Mekaniikkasuunnittelu Vahvuutemme on nykyaikaisen insin\u00f6\u00f6riosaamisen ja pitk\u00e4aikaisen kokemuksen yhdistyminen koneensuunnittelussa ja \u2013rakennuksessa. Hy\u00f6dynn\u00e4mme toiminnassamme modernia teknologiaa ja uusimpia ohjelmistoja. Tuotamme suunnitteluaineistoa yksinkertaisimmista mallinnus- ja teknisen piirustuksen teht\u00e4vist\u00e4 laajempiin ja haastavampiin kokonaisuuksiin. P\u00e4\u00e4suunnitteluohjelmamme on Autodesk Inventor Professional ja PDM ohjelmisto Vault Professional. K\u00e4yt\u00f6ss\u00e4mme on my\u00f6s useita muita Autodeskin ohjelmia. Pyrimme joustamaan asiakastarpeen mukaan ja teemme suunnittelua my\u00f6s muilla suunnitteluohjelmilla kuten Solidworksill\u00e4. 3D-mallien ja teknisten piirustusten lis\u00e4ksi tuotamme teknisi\u00e4 asiakirjoja kuten k\u00e4ytt\u00f6- ja huolto-ohjeita sek\u00e4 turvallisuusm\u00e4\u00e4r\u00e4yksi\u00e4. Laadimme tarvittavat asiakirjat laitteiden CE-merkint\u00e4\u00e4 varten. Tuemme asiakkaitamme konedirektiivin mukaisessa vaarojen tunnistuksessa ja riskianalyysien laatimisessa. Lue lis\u00e4\u00e4 ja pyyd\u00e4 tarjous Lujuuslaskenta Lujuuslaskentapalveluihimme kuuluvat erilaisten ter\u00e4srakenteiden lujuuslaskennat\u2026<\/p>","protected":false},"author":1,"featured_media":1025,"parent":0,"menu_order":0,"comment_status":"closed","ping_status":"closed","template":"","meta":{"_monsterinsights_skip_tracking":false,"_monsterinsights_sitenote_active":false,"_monsterinsights_sitenote_note":"","_monsterinsights_sitenote_category":0,"footnotes":""},"class_list":["post-684","page","type-page","status-publish","has-post-thumbnail","hentry"],"blocksy_meta":"","featured_image_urls":{"full":["https:\/\/www.mertalainnovations.fi\/wp-content\/uploads\/2023\/04\/Palvelut-header.jpg",1920,1280,false],"thumbnail":["https:\/\/www.mertalainnovations.fi\/wp-content\/uploads\/2023\/04\/Palvelut-header-150x150.jpg",150,150,true],"medium":["https:\/\/www.mertalainnovations.fi\/wp-content\/uploads\/2023\/04\/Palvelut-header-300x200.jpg",300,200,true],"medium_large":["https:\/\/www.mertalainnovations.fi\/wp-content\/uploads\/2023\/04\/Palvelut-header-768x512.jpg",768,512,true],"large":["https:\/\/www.mertalainnovations.fi\/wp-content\/uploads\/2023\/04\/Palvelut-header-1024x683.jpg",1024,683,true],"rpg_gallery_admin_thumb":["https:\/\/www.mertalainnovations.fi\/wp-content\/uploads\/2023\/04\/Palvelut-header-150x150.jpg",150,150,true],"rpg_gallery_thumb":["https:\/\/www.mertalainnovations.fi\/wp-content\/uploads\/2023\/04\/Palvelut-header-150x150.jpg",150,150,true],"1536x1536":["https:\/\/www.mertalainnovations.fi\/wp-content\/uploads\/2023\/04\/Palvelut-header-1536x1024.jpg",1536,1024,true],"2048x2048":["https:\/\/www.mertalainnovations.fi\/wp-content\/uploads\/2023\/04\/Palvelut-header.jpg",1920,1280,false],"trp-custom-language-flag":["https:\/\/www.mertalainnovations.fi\/wp-content\/uploads\/2023\/04\/Palvelut-header.jpg",18,12,false]},"post_excerpt_stackable":"<p>Mekaniikkasuunnittelu Vahvuutemme on nykyaikaisen insin\u00f6\u00f6riosaamisen ja pitk\u00e4aikaisen kokemuksen yhdistyminen koneensuunnittelussa ja \u2013rakennuksessa. Hy\u00f6dynn\u00e4mme toiminnassamme modernia teknologiaa ja uusimpia ohjelmistoja. Tuotamme suunnitteluaineistoa yksinkertaisimmista mallinnus- ja teknisen piirustuksen teht\u00e4vist\u00e4 laajempiin ja haastavampiin kokonaisuuksiin. P\u00e4\u00e4suunnitteluohjelmamme on Autodesk Inventor Professional ja PDM ohjelmisto Vault Professional. K\u00e4yt\u00f6ss\u00e4mme on my\u00f6s useita muita Autodeskin ohjelmia. Pyrimme joustamaan asiakastarpeen mukaan ja teemme suunnittelua my\u00f6s muilla suunnitteluohjelmilla kuten Solidworksill\u00e4. 3D-mallien ja teknisten piirustusten lis\u00e4ksi tuotamme teknisi\u00e4 asiakirjoja kuten k\u00e4ytt\u00f6- ja huolto-ohjeita sek\u00e4 turvallisuusm\u00e4\u00e4r\u00e4yksi\u00e4. Laadimme tarvittavat asiakirjat laitteiden CE-merkint\u00e4\u00e4 varten. Tuemme asiakkaitamme konedirektiivin mukaisessa vaarojen tunnistuksessa ja riskianalyysien laatimisessa. Lue lis\u00e4\u00e4 ja pyyd\u00e4 tarjous Lujuuslaskenta Lujuuslaskentapalveluihimme kuuluvat erilaisten ter\u00e4srakenteiden lujuuslaskennat&hellip;<\/p>\n","category_list":"","author_info":{"name":"admin","url":"https:\/\/www.mertalainnovations.fi\/en\/author\/admin\/"},"comments_num":"0 comments","_links":{"self":[{"href":"https:\/\/www.mertalainnovations.fi\/en\/wp-json\/wp\/v2\/pages\/684","targetHints":{"allow":["GET"]}}],"collection":[{"href":"https:\/\/www.mertalainnovations.fi\/en\/wp-json\/wp\/v2\/pages"}],"about":[{"href":"https:\/\/www.mertalainnovations.fi\/en\/wp-json\/wp\/v2\/types\/page"}],"author":[{"embeddable":true,"href":"https:\/\/www.mertalainnovations.fi\/en\/wp-json\/wp\/v2\/users\/1"}],"replies":[{"embeddable":true,"href":"https:\/\/www.mertalainnovations.fi\/en\/wp-json\/wp\/v2\/comments?post=684"}],"version-history":[{"count":55,"href":"https:\/\/www.mertalainnovations.fi\/en\/wp-json\/wp\/v2\/pages\/684\/revisions"}],"predecessor-version":[{"id":2168,"href":"https:\/\/www.mertalainnovations.fi\/en\/wp-json\/wp\/v2\/pages\/684\/revisions\/2168"}],"wp:featuredmedia":[{"embeddable":true,"href":"https:\/\/www.mertalainnovations.fi\/en\/wp-json\/wp\/v2\/media\/1025"}],"wp:attachment":[{"href":"https:\/\/www.mertalainnovations.fi\/en\/wp-json\/wp\/v2\/media?parent=684"}],"curies":[{"name":"wp","href":"https:\/\/api.w.org\/{rel}","templated":true}]}}