{"id":2466,"date":"2025-03-20T13:04:52","date_gmt":"2025-03-20T13:04:52","guid":{"rendered":"https:\/\/www.mertalainnovations.fi\/?page_id=2466"},"modified":"2025-03-20T13:16:58","modified_gmt":"2025-03-20T13:16:58","slug":"case-danfoss-laadunvarmistusta-3d-skannaamalla","status":"publish","type":"page","link":"https:\/\/www.mertalainnovations.fi\/en\/case-danfoss-laadunvarmistusta-3d-skannaamalla\/","title":{"rendered":"Case Danfoss - Quality Control with 3D Scanning"},"content":{"rendered":"<div class=\"wp-block-stackable-columns stk-block-columns stk-block stk-ab70b86\" data-block-id=\"ab70b86\"><div class=\"stk-row stk-inner-blocks stk-block-content stk-content-align stk-ab70b86-column\">\n<div class=\"wp-block-stackable-column stk-block-column stk-column stk-block stk-76bc924\" data-v=\"4\" data-block-id=\"76bc924\"><style>@media screen and (min-width:768px){.stk-76bc924{flex:1 1 calc(41.2% - var(--stk-column-gap,0px) * 1 \/ 2 ) !important}}<\/style><div class=\"stk-column-wrapper stk-block-column__content stk-container stk-76bc924-container stk--no-background stk--no-padding\"><div class=\"stk-block-content stk-inner-blocks stk-76bc924-inner-blocks\">\n<h4 class=\"wp-block-heading\" id=\"ensimm\u00e4inen\"><strong>Danfoss<\/strong> co-operation<\/h4>\n\n\n\n<p>In February 2020, Danfoss set an ambitious goal to achieve carbon neutrality in all of its global operations by 2030. This goal is based on scientific calculations and is now more relevant than ever. We are proud and grateful to support Danfoss\u2019 progress in collaboration with LUT University through various product development projects. In this customer story, we share how 3D scanning was utilized for quality assurance as part of the test system we delivered.<\/p>\n<\/div><\/div><\/div>\n\n\n\n<div class=\"wp-block-stackable-column stk-block-column stk-column stk-block stk-731ca73\" data-v=\"4\" data-block-id=\"731ca73\"><style>@media screen and (min-width:768px){.stk-731ca73{flex:1 1 calc(58.8% - var(--stk-column-gap,0px) * 1 \/ 2 ) !important}}<\/style><div class=\"stk-column-wrapper stk-block-column__content stk-container stk-731ca73-container stk--no-background stk--no-padding\"><div class=\"stk-block-content stk-inner-blocks stk-731ca73-inner-blocks\">\n<figure class=\"wp-block-image alignright size-full is-resized\"><img loading=\"lazy\" decoding=\"async\" width=\"712\" height=\"630\" src=\"https:\/\/www.mertalainnovations.fi\/wp-content\/uploads\/2025\/03\/Danfoss-1.png\" alt=\"\" class=\"wp-image-2479\" style=\"width:455px;height:auto\" srcset=\"https:\/\/www.mertalainnovations.fi\/wp-content\/uploads\/2025\/03\/Danfoss-1.png 712w, https:\/\/www.mertalainnovations.fi\/wp-content\/uploads\/2025\/03\/Danfoss-1-300x265.png 300w, https:\/\/www.mertalainnovations.fi\/wp-content\/uploads\/2025\/03\/Danfoss-1-14x12.png 14w\" sizes=\"auto, (max-width: 712px) 100vw, 712px\" \/><\/figure>\n<\/div><\/div><\/div>\n<\/div><\/div>\n\n\n\n<div class=\"wp-block-stackable-divider stk-block-divider stk-block stk-782fd44\" data-block-id=\"782fd44\"><hr class=\"stk-block-divider__hr\"\/><\/div>\n\n\n\n<div class=\"wp-block-stackable-columns stk-block-columns stk-block stk-6beb0bd\" data-block-id=\"6beb0bd\"><div class=\"stk-row stk-inner-blocks stk-block-content stk-content-align stk-6beb0bd-column\">\n<div class=\"wp-block-stackable-column stk-block-column stk-column stk-block stk-8425754\" data-v=\"4\" data-block-id=\"8425754\"><div class=\"stk-column-wrapper stk-block-column__content stk-container stk-8425754-container stk--no-background stk--no-padding\"><div class=\"stk-block-content stk-inner-blocks stk-8425754-inner-blocks\">\n<figure class=\"wp-block-image size-full\"><img loading=\"lazy\" decoding=\"async\" width=\"1498\" height=\"800\" src=\"https:\/\/www.mertalainnovations.fi\/wp-content\/uploads\/2025\/03\/Danfoss-2.png\" alt=\"\" class=\"wp-image-2480\" srcset=\"https:\/\/www.mertalainnovations.fi\/wp-content\/uploads\/2025\/03\/Danfoss-2.png 1498w, https:\/\/www.mertalainnovations.fi\/wp-content\/uploads\/2025\/03\/Danfoss-2-300x160.png 300w, https:\/\/www.mertalainnovations.fi\/wp-content\/uploads\/2025\/03\/Danfoss-2-1024x547.png 1024w, https:\/\/www.mertalainnovations.fi\/wp-content\/uploads\/2025\/03\/Danfoss-2-768x410.png 768w, https:\/\/www.mertalainnovations.fi\/wp-content\/uploads\/2025\/03\/Danfoss-2-18x10.png 18w\" sizes=\"auto, (max-width: 1498px) 100vw, 1498px\" \/><\/figure>\n<\/div><\/div><\/div>\n\n\n\n<div class=\"wp-block-stackable-column stk-block-column stk-column stk-block stk-05d780e\" data-v=\"4\" data-block-id=\"05d780e\"><div class=\"stk-column-wrapper stk-block-column__content stk-container stk-05d780e-container stk--no-background stk--no-padding\"><div class=\"stk-block-content stk-inner-blocks stk-05d780e-inner-blocks\">\n<h4 class=\"wp-block-heading\" id=\"ensimm\u00e4inen\"><strong>3D Scanning in Quality Control<\/strong><\/h4>\n\n\n\n<p>One of the most effective ways to illustrate deviations from the nominal 3D model is color map comparison. The scanned mesh model is aligned with the nominal CAD model, allowing deviations to be presented not only as precise numerical values but also as a visually intuitive color map. This method enables accurate quality assurance and simplifies the interpretation of deviations.<\/p>\n<\/div><\/div><\/div>\n<\/div><\/div>\n\n\n\n<div class=\"wp-block-stackable-divider stk-block-divider stk-block stk-8c03a22\" data-block-id=\"8c03a22\"><hr class=\"stk-block-divider__hr\"\/><\/div>\n\n\n\n<div class=\"wp-block-stackable-columns stk-block-columns stk-block stk-4361445\" data-block-id=\"4361445\"><div class=\"stk-row stk-inner-blocks stk-block-content stk-content-align stk-4361445-column\">\n<div class=\"wp-block-stackable-column stk-block-column stk-column stk-block stk-73c633f\" data-v=\"4\" data-block-id=\"73c633f\"><style>@media screen and (min-width:768px){.stk-73c633f{flex:1 1 calc(50% - var(--stk-column-gap,0px) * 1 \/ 2 ) !important}}<\/style><div class=\"stk-column-wrapper stk-block-column__content stk-container stk-73c633f-container stk--no-background stk--no-padding\"><div class=\"stk-block-content stk-inner-blocks stk-73c633f-inner-blocks\">\n<h4 class=\"wp-block-heading\" id=\"ensimm\u00e4inen\"><strong>Test System Delivery and Analysis<\/strong><\/h4>\n\n\n\n<p>As part of the project, we designed and delivered a test bench along with the necessary auxiliary components. After that, we performed a 3D scan of the test bench and analyzed the collected data using the VX Inspect quality assurance software. Verifying geometric tolerances can be challenging with traditional methods, but with 3D scanning and advanced software, we can conduct a precise conformity analysis and generate an easily interpretable, visual report.<\/p>\n<\/div><\/div><\/div>\n\n\n\n<div class=\"wp-block-stackable-column stk-block-column stk-column stk-block stk-335e69d\" data-v=\"4\" data-block-id=\"335e69d\"><style>@media screen and (min-width:768px){.stk-335e69d{flex:1 1 calc(50% - var(--stk-column-gap,0px) * 1 \/ 2 ) !important}}<\/style><div class=\"stk-column-wrapper stk-block-column__content stk-container stk-335e69d-container stk--no-background stk--no-padding\"><div class=\"stk-block-content stk-inner-blocks stk-335e69d-inner-blocks\">\n<figure class=\"wp-block-image size-full\"><img loading=\"lazy\" decoding=\"async\" width=\"1315\" height=\"700\" src=\"https:\/\/www.mertalainnovations.fi\/wp-content\/uploads\/2025\/03\/Danfoss-3.png\" alt=\"\" class=\"wp-image-2481\" srcset=\"https:\/\/www.mertalainnovations.fi\/wp-content\/uploads\/2025\/03\/Danfoss-3.png 1315w, https:\/\/www.mertalainnovations.fi\/wp-content\/uploads\/2025\/03\/Danfoss-3-300x160.png 300w, https:\/\/www.mertalainnovations.fi\/wp-content\/uploads\/2025\/03\/Danfoss-3-1024x545.png 1024w, https:\/\/www.mertalainnovations.fi\/wp-content\/uploads\/2025\/03\/Danfoss-3-768x409.png 768w, https:\/\/www.mertalainnovations.fi\/wp-content\/uploads\/2025\/03\/Danfoss-3-18x10.png 18w\" sizes=\"auto, (max-width: 1315px) 100vw, 1315px\" \/><\/figure>\n<\/div><\/div><\/div>\n<\/div><\/div>\n\n\n\n<div class=\"wp-block-stackable-columns stk-block-columns stk-block stk-686997c\" data-block-id=\"686997c\"><div class=\"stk-row stk-inner-blocks stk-block-content stk-content-align stk-686997c-column\">\n<div class=\"wp-block-stackable-column stk-block-column stk-column stk-block stk-432750e\" data-v=\"4\" data-block-id=\"432750e\"><div class=\"stk-column-wrapper stk-block-column__content stk-container stk-432750e-container stk--no-background stk--no-padding\"><div class=\"stk-block-content stk-inner-blocks stk-432750e-inner-blocks\">\n<figure class=\"wp-block-image size-full\"><img loading=\"lazy\" decoding=\"async\" width=\"1205\" height=\"710\" src=\"https:\/\/www.mertalainnovations.fi\/wp-content\/uploads\/2025\/03\/Danfoss-4.png\" alt=\"\" class=\"wp-image-2482\" srcset=\"https:\/\/www.mertalainnovations.fi\/wp-content\/uploads\/2025\/03\/Danfoss-4.png 1205w, https:\/\/www.mertalainnovations.fi\/wp-content\/uploads\/2025\/03\/Danfoss-4-300x177.png 300w, https:\/\/www.mertalainnovations.fi\/wp-content\/uploads\/2025\/03\/Danfoss-4-1024x603.png 1024w, https:\/\/www.mertalainnovations.fi\/wp-content\/uploads\/2025\/03\/Danfoss-4-768x453.png 768w, https:\/\/www.mertalainnovations.fi\/wp-content\/uploads\/2025\/03\/Danfoss-4-18x12.png 18w\" sizes=\"auto, (max-width: 1205px) 100vw, 1205px\" \/><\/figure>\n<\/div><\/div><\/div>\n\n\n\n<div class=\"wp-block-stackable-column stk-block-column stk-column stk-block stk-b97227e\" data-v=\"4\" data-block-id=\"b97227e\"><div class=\"stk-column-wrapper stk-block-column__content stk-container stk-b97227e-container stk--no-background stk--no-padding\"><div class=\"stk-block-content stk-inner-blocks stk-b97227e-inner-blocks\">\n<h4 class=\"wp-block-heading\" id=\"ensimm\u00e4inen\"><strong><strong>Color Map Comparison \u2013 The Key to Clear Analysis<\/strong><\/strong><\/h4>\n\n\n\n<p>The color map can be customized to highlight areas exceeding or falling below a specified threshold with different colors. For example, in the color map, deviations greater than 2 mm are displayed in blue or red, depending on the direction of the surface deviation. Deviations within the set threshold are shown in green, making the overall picture easy to interpret at a glance.<\/p>\n\n\n\n<p>This modern 3D scanning-based quality assurance method helps ensure that product development and manufacturing remain high-quality and efficient. The collaboration with Danfoss and LUT University demonstrates how, as technology advances, quality assurance methods can also make significant strides forward.<\/p>\n<\/div><\/div><\/div>\n<\/div><\/div>\n\n\n\n<div class=\"wp-block-stackable-divider stk-block-divider stk-block stk-d078e3f\" data-block-id=\"d078e3f\"><hr class=\"stk-block-divider__hr\"\/><\/div>\n\n\n\n<div class=\"wp-block-stackable-columns stk-block-columns stk-block stk-0f5ee5e\" data-block-id=\"0f5ee5e\"><div class=\"stk-row stk-inner-blocks stk-block-content stk-content-align stk-0f5ee5e-column\">\n<div class=\"wp-block-stackable-column stk-block-column stk-column stk-block stk-55b5d69\" data-v=\"4\" data-block-id=\"55b5d69\"><div class=\"stk-column-wrapper stk-block-column__content stk-container stk-55b5d69-container stk--no-background stk--no-padding\"><div class=\"stk-block-content stk-inner-blocks stk-55b5d69-inner-blocks\">\n<div class=\"wp-block-stackable-button-group stk-block-button-group stk-block stk-cb838b0\" data-block-id=\"cb838b0\"><div class=\"stk-row stk-inner-blocks stk-block-content stk-button-group\">\n<div class=\"wp-block-stackable-button stk-block-button has-text-align-center stk-block stk-9d7e766\" data-block-id=\"9d7e766\"><style>.stk-9d7e766,.stk-9d7e766 .stk-button{width:100% !important}.stk-9d7e766{flex:1 1 0 !important}.stk-9d7e766 .stk-button{background:#000064 !important;border-top-left-radius:50px !important;border-top-right-radius:50px !important;border-bottom-right-radius:50px !important;border-bottom-left-radius:50px !important}.stk-9d7e766 .stk-button__inner-text{color:var(--paletteColor8,#ffffff) !important;font-weight:100 !important}<\/style><a class=\"stk-link stk-button stk--hover-effect-lift\" href=\"\/en\/www.mertalainnovations.fi\/mekaniikkasuunnittelu\/\"><span class=\"has-text-color stk-button__inner-text\">Read more about our mechanical engineering service<\/span><\/a><\/div>\n<\/div><\/div>\n<\/div><\/div><\/div>\n\n\n\n<div class=\"wp-block-stackable-column stk-block-column stk-column stk-block stk-488ea52\" data-v=\"4\" data-block-id=\"488ea52\"><div class=\"stk-column-wrapper stk-block-column__content stk-container stk-488ea52-container stk--no-background stk--no-padding\"><div class=\"stk-block-content stk-inner-blocks stk-488ea52-inner-blocks\">\n<div class=\"wp-block-stackable-button-group stk-block-button-group stk-block stk-ffea7a0\" data-block-id=\"ffea7a0\"><div class=\"stk-row stk-inner-blocks stk-block-content stk-button-group\">\n<div class=\"wp-block-stackable-button stk-block-button stk-block stk-b9d49fa\" data-block-id=\"b9d49fa\"><style>.stk-b9d49fa,.stk-b9d49fa .stk-button{width:100% !important}.stk-b9d49fa{flex:1 1 0 !important}.stk-b9d49fa .stk-button{min-height:0px !important;background:#000064 !important;border-top-left-radius:50px !important;border-top-right-radius:50px !important;border-bottom-right-radius:50px !important;border-bottom-left-radius:50px !important}.stk-b9d49fa .stk-button__inner-text{color:var(--paletteColor8,#ffffff) !important;font-weight:100 !important}<\/style><a class=\"stk-link stk-button stk--hover-effect-lift\" href=\"\/en\/www.mertalainnovations.fi\/referenssit\/\"><span class=\"has-text-color stk-button__inner-text\">Explore more customer stories<\/span><\/a><\/div>\n<\/div><\/div>\n<\/div><\/div><\/div>\n<\/div><\/div>\n\n\n\n<div class=\"wp-block-stackable-divider stk-block-divider stk-block stk-e651088\" data-block-id=\"e651088\"><hr class=\"stk-block-divider__hr\"\/><\/div>\n\n\n\n<h4 class=\"wp-block-heading\">Request for Proposal Form<\/h4>\n\n\n<style id=\"wpforms-css-vars-root\">\n\t\t\t\t:root {\n\t\t\t\t\t--wpforms-field-border-radius: 3px;\n--wpforms-field-background-color: #ffffff;\n--wpforms-field-border-color: rgba( 0, 0, 0, 0.25 );\n--wpforms-field-text-color: rgba( 0, 0, 0, 0.7 );\n--wpforms-label-color: rgba( 0, 0, 0, 0.85 );\n--wpforms-label-sublabel-color: rgba( 0, 0, 0, 0.55 );\n--wpforms-label-error-color: #d63637;\n--wpforms-button-border-radius: 3px;\n--wpforms-button-background-color: #066aab;\n--wpforms-button-text-color: #ffffff;\n--wpforms-field-size-input-height: 43px;\n--wpforms-field-size-input-spacing: 15px;\n--wpforms-field-size-font-size: 16px;\n--wpforms-field-size-line-height: 19px;\n--wpforms-field-size-padding-h: 14px;\n--wpforms-field-size-checkbox-size: 16px;\n--wpforms-field-size-sublabel-spacing: 5px;\n--wpforms-field-size-icon-size: 1;\n--wpforms-label-size-font-size: 16px;\n--wpforms-label-size-line-height: 19px;\n--wpforms-label-size-sublabel-font-size: 14px;\n--wpforms-label-size-sublabel-line-height: 17px;\n--wpforms-button-size-font-size: 17px;\n--wpforms-button-size-height: 41px;\n--wpforms-button-size-padding-h: 15px;\n--wpforms-button-size-margin-top: 10px;\n\n\t\t\t\t}\n\t\t\t<\/style><div class=\"wpforms-container wpforms-container-full wpforms-block wpforms-block-6fda6c03-5905-4616-b49f-21b7ba6af00d wpforms-render-modern\" id=\"wpforms-1799\"><form id=\"wpforms-form-1799\" class=\"wpforms-validate wpforms-form wpforms-ajax-form\" data-formid=\"1799\" method=\"post\" enctype=\"multipart\/form-data\" action=\"\/en\/wp-json\/wp\/v2\/pages\/2466\" data-token=\"2754f55b08618b23d504e7f06fb87c7e\" data-trp-original-action=\"\/en\/wp-json\/wp\/v2\/pages\/2466\"><noscript class=\"wpforms-error-noscript\">Please enable JavaScript in your browser to complete this form.<\/noscript><div class=\"wpforms-hidden\" id=\"wpforms-error-noscript\">Please enable JavaScript in your browser to complete this form.<\/div><div class=\"wpforms-field-container\"><div id=\"wpforms-1799-field_6-container\" class=\"wpforms-field wpforms-field-name\" data-field-id=\"6\"><fieldset><legend class=\"wpforms-field-label wpforms-label-hide\" aria-hidden=\"false\">Nimi <span class=\"wpforms-required-label\" aria-hidden=\"true\">*<\/span><\/legend><div class=\"wpforms-field-row wpforms-field-large\"><div class=\"wpforms-field-row-block wpforms-first wpforms-one-half\"><input type=\"text\" id=\"wpforms-1799-field_6\" class=\"wpforms-field-name-first wpforms-field-required\" name=\"wpforms[fields][6][first]\" placeholder=\"First name *\" aria-errormessage=\"wpforms-1799-field_6-error\" required><label for=\"wpforms-1799-field_6\" class=\"wpforms-field-sublabel after wpforms-sublabel-hide\">First<\/label><\/div><div class=\"wpforms-field-row-block wpforms-one-half\"><input type=\"text\" id=\"wpforms-1799-field_6-last\" class=\"wpforms-field-name-last wpforms-field-required\" name=\"wpforms[fields][6][last]\" placeholder=\"Last name *\" aria-errormessage=\"wpforms-1799-field_6-last-error\" required><label for=\"wpforms-1799-field_6-last\" class=\"wpforms-field-sublabel after wpforms-sublabel-hide\">Last<\/label><\/div><\/div><\/fieldset><\/div><div id=\"wpforms-1799-field_8-container\" class=\"wpforms-field wpforms-field-text\" data-field-id=\"8\"><label class=\"wpforms-field-label wpforms-label-hide\" for=\"wpforms-1799-field_8\" aria-hidden=\"false\">About us<\/label><input type=\"text\" id=\"wpforms-1799-field_8\" class=\"wpforms-field-large\" name=\"wpforms[fields][8]\" placeholder=\"Company (optional)\" aria-errormessage=\"wpforms-1799-field_8-error\" ><\/div><div id=\"wpforms-1799-field_9-container\" class=\"wpforms-field wpforms-field-text\" data-field-id=\"9\"><label class=\"wpforms-field-label wpforms-label-hide\" for=\"wpforms-1799-field_9\" aria-hidden=\"false\">S\u00e4hk\u00f6postiosoite<\/label><input type=\"text\" id=\"wpforms-1799-field_9\" class=\"wpforms-field-large\" name=\"wpforms[fields][9]\" placeholder=\"Email *\" aria-errormessage=\"wpforms-1799-field_9-error\" ><\/div><div id=\"wpforms-1799-field_10-container\" class=\"wpforms-field wpforms-field-text\" data-field-id=\"10\"><label class=\"wpforms-field-label wpforms-label-hide\" for=\"wpforms-1799-field_10\" aria-hidden=\"false\">Puhelinnumero<\/label><input type=\"text\" id=\"wpforms-1799-field_10\" class=\"wpforms-field-large\" name=\"wpforms[fields][10]\" placeholder=\"Phone number (optional)\" aria-errormessage=\"wpforms-1799-field_10-error\" ><\/div><div id=\"wpforms-1799-field_7-container\" class=\"wpforms-field wpforms-field-text wpforms-first\" data-field-id=\"7\"><label class=\"wpforms-field-label wpforms-label-hide\" for=\"wpforms-1799-field_7\" aria-hidden=\"false\">Projekti <span class=\"wpforms-required-label\" aria-hidden=\"true\">*<\/span><\/label><input type=\"text\" id=\"wpforms-1799-field_7\" class=\"wpforms-field-large wpforms-field-required\" name=\"wpforms[fields][7]\" placeholder=\"Project *\" aria-errormessage=\"wpforms-1799-field_7-error\" required><\/div><div id=\"wpforms-1799-field_2-container\" class=\"wpforms-field wpforms-field-textarea\" data-field-id=\"2\"><label class=\"wpforms-field-label wpforms-label-hide\" for=\"wpforms-1799-field_2\" aria-hidden=\"false\">Kuvaus <span class=\"wpforms-required-label\" aria-hidden=\"true\">*<\/span><\/label><textarea id=\"wpforms-1799-field_2\" class=\"wpforms-field-large wpforms-field-required\" name=\"wpforms[fields][2]\" placeholder=\"Describe the project and design needs *\" aria-errormessage=\"wpforms-1799-field_2-error\" required><\/textarea><\/div><\/div><!-- .wpforms-field-container --><div class=\"wpforms-submit-container\" ><input type=\"hidden\" name=\"wpforms[id]\" value=\"1799\"><input type=\"hidden\" name=\"wpforms[author]\" value=\"4\"><button type=\"submit\" name=\"wpforms[submit]\" id=\"wpforms-submit-1799\" class=\"wpforms-submit\" data-alt-text=\"L\u00e4hett\u00e4\u00e4...\" data-submit-text=\"L\u00e4het\u00e4 tarjouspyynt\u00f6\" aria-live=\"assertive\" value=\"wpforms-submit\">Send<\/button><img loading=\"lazy\" decoding=\"async\" src=\"https:\/\/www.mertalainnovations.fi\/wp-content\/plugins\/wpforms-lite\/assets\/images\/submit-spin.svg\" class=\"wpforms-submit-spinner\" style=\"display: none;\" width=\"26\" height=\"26\" alt=\"Loading\"><\/div><input type=\"hidden\" name=\"trp-form-language\" value=\"en\"\/><\/form><\/div>  <!-- .wpforms-container -->","protected":false},"excerpt":{"rendered":"<p>Danfoss yhteisty\u00f6 Danfoss asetti helmikuussa 2020 kunnianhimoisen tavoitteen saavuttaa hiilineutraalius kaikessa yhti\u00f6n globaalissa toiminnassa vuoteen 2030 menness\u00e4. T\u00e4m\u00e4 tavoite perustuu tieteellisiin laskelmiin ja on nyt entist\u00e4kin ajankohtaisempi. Olemme ylpeit\u00e4 ja kiitollisia saadessamme olla mukana tukemassa Danfossin kehityst\u00e4 yhteisty\u00f6ss\u00e4 LUT-yliopiston kanssa useissa tuotekehitysprojekteissa. T\u00e4ss\u00e4 asiakastarinassa kerromme, kuinka 3D skannausta hy\u00f6dynnettiin laadunvarmistuksessa osana toimittamaamme koeajoj\u00e4rjestelm\u00e4\u00e4. 3D-skannaus laadunvarmistuksessa Yksi tehokkaimmista tavoista havainnollistaa poikkeamia nimelliseen 3D-malliin n\u00e4hden on v\u00e4rikarttavertailu. Skannattu kolmioverkkomalli yhdistet\u00e4\u00e4n nimelliseen CAD-malliin, jolloin poikkeamat voidaan esitt\u00e4\u00e4 paitsi tarkkoina numeerisina arvoina, my\u00f6s visuaalisesti havainnollisena v\u00e4rikarttana. T\u00e4m\u00e4 menetelm\u00e4 mahdollistaa tarkan laadunvarmistuksen ja helpottaa poikkeamien tulkintaa. Koeajoj\u00e4rjestelm\u00e4n toimitus ja analyysi Osana projektia suunnittelimme ja toimitimme\u2026<\/p>","protected":false},"author":4,"featured_media":2481,"parent":0,"menu_order":0,"comment_status":"closed","ping_status":"closed","template":"","meta":{"_monsterinsights_skip_tracking":false,"_monsterinsights_sitenote_active":false,"_monsterinsights_sitenote_note":"","_monsterinsights_sitenote_category":0,"footnotes":""},"class_list":["post-2466","page","type-page","status-publish","has-post-thumbnail","hentry"],"blocksy_meta":"","featured_image_urls":{"full":["https:\/\/www.mertalainnovations.fi\/wp-content\/uploads\/2025\/03\/Danfoss-3.png",1315,700,false],"thumbnail":["https:\/\/www.mertalainnovations.fi\/wp-content\/uploads\/2025\/03\/Danfoss-3-150x150.png",150,150,true],"medium":["https:\/\/www.mertalainnovations.fi\/wp-content\/uploads\/2025\/03\/Danfoss-3-300x160.png",300,160,true],"medium_large":["https:\/\/www.mertalainnovations.fi\/wp-content\/uploads\/2025\/03\/Danfoss-3-768x409.png",768,409,true],"large":["https:\/\/www.mertalainnovations.fi\/wp-content\/uploads\/2025\/03\/Danfoss-3-1024x545.png",1024,545,true],"rpg_gallery_admin_thumb":["https:\/\/www.mertalainnovations.fi\/wp-content\/uploads\/2025\/03\/Danfoss-3-150x150.png",150,150,true],"rpg_gallery_thumb":["https:\/\/www.mertalainnovations.fi\/wp-content\/uploads\/2025\/03\/Danfoss-3-150x150.png",150,150,true],"1536x1536":["https:\/\/www.mertalainnovations.fi\/wp-content\/uploads\/2025\/03\/Danfoss-3.png",1315,700,false],"2048x2048":["https:\/\/www.mertalainnovations.fi\/wp-content\/uploads\/2025\/03\/Danfoss-3.png",1315,700,false],"trp-custom-language-flag":["https:\/\/www.mertalainnovations.fi\/wp-content\/uploads\/2025\/03\/Danfoss-3-18x10.png",18,10,true]},"post_excerpt_stackable":"<p>Danfoss yhteisty\u00f6 Danfoss asetti helmikuussa 2020 kunnianhimoisen tavoitteen saavuttaa hiilineutraalius kaikessa yhti\u00f6n globaalissa toiminnassa vuoteen 2030 menness\u00e4. T\u00e4m\u00e4 tavoite perustuu tieteellisiin laskelmiin ja on nyt entist\u00e4kin ajankohtaisempi. Olemme ylpeit\u00e4 ja kiitollisia saadessamme olla mukana tukemassa Danfossin kehityst\u00e4 yhteisty\u00f6ss\u00e4 LUT-yliopiston kanssa useissa tuotekehitysprojekteissa. T\u00e4ss\u00e4 asiakastarinassa kerromme, kuinka 3D skannausta hy\u00f6dynnettiin laadunvarmistuksessa osana toimittamaamme koeajoj\u00e4rjestelm\u00e4\u00e4. 3D-skannaus laadunvarmistuksessa Yksi tehokkaimmista tavoista havainnollistaa poikkeamia nimelliseen 3D-malliin n\u00e4hden on v\u00e4rikarttavertailu. Skannattu kolmioverkkomalli yhdistet\u00e4\u00e4n nimelliseen CAD-malliin, jolloin poikkeamat voidaan esitt\u00e4\u00e4 paitsi tarkkoina numeerisina arvoina, my\u00f6s visuaalisesti havainnollisena v\u00e4rikarttana. T\u00e4m\u00e4 menetelm\u00e4 mahdollistaa tarkan laadunvarmistuksen ja helpottaa poikkeamien tulkintaa. Koeajoj\u00e4rjestelm\u00e4n toimitus ja analyysi Osana projektia suunnittelimme ja toimitimme&hellip;<\/p>\n","category_list":"","author_info":{"name":"Lauri Rauhala","url":"https:\/\/www.mertalainnovations.fi\/en\/author\/laurirauhala\/"},"comments_num":"0 comments","_links":{"self":[{"href":"https:\/\/www.mertalainnovations.fi\/en\/wp-json\/wp\/v2\/pages\/2466","targetHints":{"allow":["GET"]}}],"collection":[{"href":"https:\/\/www.mertalainnovations.fi\/en\/wp-json\/wp\/v2\/pages"}],"about":[{"href":"https:\/\/www.mertalainnovations.fi\/en\/wp-json\/wp\/v2\/types\/page"}],"author":[{"embeddable":true,"href":"https:\/\/www.mertalainnovations.fi\/en\/wp-json\/wp\/v2\/users\/4"}],"replies":[{"embeddable":true,"href":"https:\/\/www.mertalainnovations.fi\/en\/wp-json\/wp\/v2\/comments?post=2466"}],"version-history":[{"count":8,"href":"https:\/\/www.mertalainnovations.fi\/en\/wp-json\/wp\/v2\/pages\/2466\/revisions"}],"predecessor-version":[{"id":2546,"href":"https:\/\/www.mertalainnovations.fi\/en\/wp-json\/wp\/v2\/pages\/2466\/revisions\/2546"}],"wp:featuredmedia":[{"embeddable":true,"href":"https:\/\/www.mertalainnovations.fi\/en\/wp-json\/wp\/v2\/media\/2481"}],"wp:attachment":[{"href":"https:\/\/www.mertalainnovations.fi\/en\/wp-json\/wp\/v2\/media?parent=2466"}],"curies":[{"name":"wp","href":"https:\/\/api.w.org\/{rel}","templated":true}]}}