{"id":2170,"date":"2024-05-17T05:34:57","date_gmt":"2024-05-17T05:34:57","guid":{"rendered":"https:\/\/www.mertalainnovations.fi\/?page_id=2170"},"modified":"2026-04-22T10:57:25","modified_gmt":"2026-04-22T10:57:25","slug":"rotyx","status":"publish","type":"page","link":"https:\/\/www.mertalainnovations.fi\/en\/rotyx\/","title":{"rendered":"Case ROTYX - An Innovative Tiltrotator"},"content":{"rendered":"<div class=\"wp-block-stackable-columns stk-block-columns stk-block stk-ab70b86\" data-block-id=\"ab70b86\"><div class=\"stk-row stk-inner-blocks stk-block-content stk-content-align stk-ab70b86-column\">\n<div class=\"wp-block-stackable-column stk-block-column stk-column stk-block stk-76bc924\" data-v=\"4\" data-block-id=\"76bc924\"><style>@media screen and (min-width:768px){.stk-76bc924{flex:1 1 calc(50% - var(--stk-column-gap,0px) * 1 \/ 2 ) !important}}<\/style><div class=\"stk-column-wrapper stk-block-column__content stk-container stk-76bc924-container stk--no-background stk--no-padding\"><div class=\"stk-block-content stk-inner-blocks stk-76bc924-inner-blocks\">\n<h4 class=\"wp-block-heading\" id=\"ensimm\u00e4inen\">What is ROTYX?<\/h4>\n\n\n\n<p>ROTYX\u00ae is a Finnish technology company offering innovative accessory solutions for excavators. The ROTYX innovation is based on a hydraulic torque device that replaces traditional hydraulic cylinders.<\/p>\n\n\n\n<p>Thanks to the structure implemented with the hydraulic torque device, it\u2019s extremely easy and quick to work in tight spaces and narrow trenches, as well as near walls or other obstacles.<\/p>\n\n\n\n<ul class=\"wp-block-list\">\n<li>Time and energy savings<\/li>\n\n\n\n<li>Improved excavation results<\/li>\n\n\n\n<li>Reduced risk of damage to walls, trees, poles, or other potential obstacles in the excavation area<\/li>\n\n\n\n<li>Fewer maintenance points<\/li>\n\n\n\n<li>More digging power<\/li>\n<\/ul>\n<\/div><\/div><\/div>\n\n\n\n<div class=\"wp-block-stackable-column stk-block-column stk-column stk-block stk-731ca73\" data-v=\"4\" data-block-id=\"731ca73\"><style>@media screen and (min-width:768px){.stk-731ca73{flex:1 1 calc(50% - var(--stk-column-gap,0px) * 1 \/ 2 ) !important}}<\/style><div class=\"stk-column-wrapper stk-block-column__content stk-container stk-731ca73-container stk--no-background stk--no-padding\"><div class=\"stk-block-content stk-inner-blocks stk-731ca73-inner-blocks\">\n<figure class=\"wp-block-image size-full\"><img loading=\"lazy\" decoding=\"async\" width=\"1024\" height=\"820\" src=\"https:\/\/www.mertalainnovations.fi\/wp-content\/uploads\/2023\/04\/rotyx.png\" alt=\"\" class=\"wp-image-699\" srcset=\"https:\/\/www.mertalainnovations.fi\/wp-content\/uploads\/2023\/04\/rotyx.png 1024w, https:\/\/www.mertalainnovations.fi\/wp-content\/uploads\/2023\/04\/rotyx-300x240.png 300w, https:\/\/www.mertalainnovations.fi\/wp-content\/uploads\/2023\/04\/rotyx-768x615.png 768w\" sizes=\"auto, (max-width: 1024px) 100vw, 1024px\" \/><\/figure>\n<\/div><\/div><\/div>\n<\/div><\/div>\n\n\n\n<div class=\"wp-block-stackable-divider stk-block-divider stk-block stk-782fd44\" data-block-id=\"782fd44\"><hr class=\"stk-block-divider__hr\"\/><\/div>\n\n\n\n<div class=\"wp-block-stackable-columns stk-block-columns stk-block stk-6beb0bd\" data-block-id=\"6beb0bd\"><div class=\"stk-row stk-inner-blocks stk-block-content stk-content-align stk-6beb0bd-column\">\n<div class=\"wp-block-stackable-column stk-block-column stk-column stk-block stk-8425754\" data-v=\"4\" data-block-id=\"8425754\"><div class=\"stk-column-wrapper stk-block-column__content stk-container stk-8425754-container stk--no-background stk--no-padding\"><div class=\"stk-block-content stk-inner-blocks stk-8425754-inner-blocks\">\n<figure class=\"wp-block-video\"><video height=\"720\" style=\"aspect-ratio: 900 \/ 720;\" width=\"900\" controls src=\"https:\/\/www.mertalainnovations.fi\/wp-content\/uploads\/2024\/05\/Rotary-Actuator-Animation-rev-D.mp4\"><\/video><\/figure>\n<\/div><\/div><\/div>\n\n\n\n<div class=\"wp-block-stackable-column stk-block-column stk-column stk-block stk-05d780e\" data-v=\"4\" data-block-id=\"05d780e\"><div class=\"stk-column-wrapper stk-block-column__content stk-container stk-05d780e-container stk--no-background stk--no-padding\"><div class=\"stk-block-content stk-inner-blocks stk-05d780e-inner-blocks\">\n<h4 class=\"wp-block-heading\" id=\"ensimm\u00e4inen\">The Torque Device \u2013 \u201cIntelligent Power\u201d<\/h4>\n\n\n\n<p>The core idea of the ROTYX torque device is to deliver high torque in a compact space. The central vane shaft divides the pressure chamber into two sections. The pressure difference between the chambers creates the torque force, which is transmitted through a splined shaft to the tilting part.<\/p>\n\n\n\n<p>Its design is exceptionally strong and compact, allowing for a low-profile tiltrotator. The low profile is one of the key features, as it helps minimize digging power loss.  <\/p>\n<\/div><\/div><\/div>\n<\/div><\/div>\n\n\n\n<div class=\"wp-block-stackable-divider stk-block-divider stk-block stk-8c03a22\" data-block-id=\"8c03a22\"><hr class=\"stk-block-divider__hr\"\/><\/div>\n\n\n\n<div class=\"wp-block-stackable-columns stk-block-columns stk-block stk-4361445\" data-block-id=\"4361445\"><div class=\"stk-row stk-inner-blocks stk-block-content stk-content-align stk-4361445-column\">\n<div class=\"wp-block-stackable-column stk-block-column stk-column stk-block stk-73c633f\" data-v=\"4\" data-block-id=\"73c633f\"><style>@media screen and (min-width:768px){.stk-73c633f{flex:1 1 calc(58.9% - var(--stk-column-gap,0px) * 1 \/ 2 ) !important}}<\/style><div class=\"stk-column-wrapper stk-block-column__content stk-container stk-73c633f-container stk--no-background stk--no-padding\"><div class=\"stk-block-content stk-inner-blocks stk-73c633f-inner-blocks\">\n<h4 class=\"wp-block-heading\" id=\"ensimm\u00e4inen\">&#8221;Ideas to Business&#8221;<\/h4>\n\n\n\n<p>ROTYX as our customer, represents Mertala\u2019s \u201cIdeas to Business\u201d ideology at its best. We have collaborated with ROTYX from the concept stage all the way to a commercial product. Our role has included providing expertise in mechanical design and strength calculation, creating technical documentation, and offering design infrastructure for the client\u2019s use. ROTYX CEO Mikko P\u00f6lkki expresses his satisfaction with the smooth cooperation:<\/p>\n\n\n\n<blockquote class=\"wp-block-stackable-blockquote stk-block-blockquote stk-block stk-76d225a is-style-default\" data-v=\"2\" data-block-id=\"76d225a\"><div class=\"has-text-align-left stk-block-blockquote__content stk-container stk-76d225a-container stk-hover-parent\"><div class=\"stk-block-content stk-inner-blocks\">\n<div class=\"wp-block-stackable-icon stk-block-icon stk-block stk-2f126f5\" data-block-id=\"2f126f5\"><span class=\"stk--svg-wrapper\"><div class=\"stk--inner-svg\"><svg style=\"height:0;width:0\"><defs><lineargradient id=\"linear-gradient-2f126f5\" x1=\"0\" x2=\"100%\" y1=\"0\" y2=\"0\"><stop offset=\"0%\" style=\"stop-opacity:1;stop-color:var(--linear-gradient-2-f-126-f-5-color-1)\"><\/stop><stop offset=\"100%\" style=\"stop-opacity:1;stop-color:var(--linear-gradient-2-f-126-f-5-color-2)\"><\/stop><\/lineargradient><\/defs><\/svg><svg xmlns=\"http:\/\/www.w3.org\/2000\/svg\" viewbox=\"0 0 50 50\" aria-hidden=\"true\" width=\"32\" height=\"32\"><path d=\"M19.8 9.3C10.5 11.8 4.6 17 2.1 24.8c2.3-3.6 5.6-5.4 9.9-5.4 3.3 0 6 1.1 8.3 3.3 2.2 2.2 3.4 5 3.4 8.3 0 3.2-1.1 5.8-3.3 8-2.2 2.2-5.1 3.2-8.7 3.2-3.7 0-6.5-1.2-8.6-3.5C1 36.3 0 33.1 0 29 0 18.3 6.5 11.2 19.6 7.9l.2 1.4zm26.4 0C36.9 11.9 31 17 28.5 24.8c2.2-3.6 5.5-5.4 9.8-5.4 3.2 0 6 1.1 8.3 3.2 2.3 2.2 3.4 4.9 3.4 8.3 0 3.1-1.1 5.8-3.3 7.9-2.2 2.2-5.1 3.3-8.6 3.3-3.7 0-6.6-1.1-8.6-3.4-2.1-2.3-3.1-5.5-3.1-9.7 0-10.7 6.6-17.8 19.7-21.1l.1 1.4z\"><\/path><\/svg><\/div><\/span><\/div>\n\n\n\n<div class=\"wp-block-stackable-text stk-block-text stk-block stk-c0b51a8\" data-block-id=\"c0b51a8\"><p class=\"stk-block-text__text\">We are impressed by Mertala\u2019s team\u2019s passion for technology and their flexibility in serving us with quick response times. Developing a new technology company into a profitable business would be a long and difficult path without skilled partners.<\/p><\/div>\n<\/div><\/div><\/blockquote>\n\n\n\n<p>We have produced 3D models, technical drawings, strength calculation reports, user and maintenance manuals, and conducted a risk analysis in collaboration. We have been actively involved in practical tasks, from testing to equipment deployment. We believe that participating in assembly and commissioning is the best way to further develop design expertise. We are proud to support a Finnish technology company like ROTYX comprehensively, not only in mechanical design but also in product management and hands-on implementation. <\/p>\n\n\n\n<p><\/p>\n\n\n\n<div class=\"wp-block-stackable-divider stk-block-divider stk-block stk-5a6dc79\" data-block-id=\"5a6dc79\"><hr class=\"stk-block-divider__hr\"\/><\/div>\n<\/div><\/div><\/div>\n\n\n\n<div class=\"wp-block-stackable-column stk-block-column stk-column stk-block stk-335e69d\" data-v=\"4\" data-block-id=\"335e69d\"><style>@media screen and (min-width:768px){.stk-335e69d{flex:1 1 calc(41.1% - var(--stk-column-gap,0px) * 1 \/ 2 ) !important}}<\/style><div class=\"stk-column-wrapper stk-block-column__content stk-container stk-335e69d-container stk--no-background stk--no-padding\"><div class=\"stk-block-content stk-inner-blocks stk-335e69d-inner-blocks\">\n<figure class=\"wp-block-video\"><video height=\"850\" style=\"aspect-ratio: 478 \/ 850;\" width=\"478\" controls src=\"https:\/\/www.mertalainnovations.fi\/wp-content\/uploads\/2024\/05\/WhatsApp-Video-2024-05-15-at-10.26.41_0d1a3090.mp4\"><\/video><\/figure>\n<\/div><\/div><\/div>\n<\/div><\/div>\n\n\n\n<div class=\"wp-block-stackable-divider stk-block-divider stk-block stk-d078e3f\" data-block-id=\"d078e3f\"><hr class=\"stk-block-divider__hr\"\/><\/div>\n\n\n\n<div class=\"wp-block-stackable-columns stk-block-columns stk-block stk-0f5ee5e\" data-block-id=\"0f5ee5e\"><div class=\"stk-row stk-inner-blocks stk-block-content stk-content-align stk-0f5ee5e-column\">\n<div class=\"wp-block-stackable-column stk-block-column stk-column stk-block stk-55b5d69\" data-v=\"4\" data-block-id=\"55b5d69\"><div class=\"stk-column-wrapper stk-block-column__content stk-container stk-55b5d69-container stk--no-background stk--no-padding\"><div class=\"stk-block-content stk-inner-blocks stk-55b5d69-inner-blocks\">\n<div class=\"wp-block-stackable-button-group stk-block-button-group stk-block stk-cb838b0\" data-block-id=\"cb838b0\"><div class=\"stk-row stk-inner-blocks stk-block-content stk-button-group\">\n<div class=\"wp-block-stackable-button stk-block-button has-text-align-center stk-block stk-9d7e766\" data-block-id=\"9d7e766\"><style>.stk-9d7e766,.stk-9d7e766 .stk-button{width:100% !important}.stk-9d7e766{flex:1 1 0 !important}.stk-9d7e766 .stk-button{background:#000064 !important;border-top-left-radius:50px !important;border-top-right-radius:50px !important;border-bottom-right-radius:50px !important;border-bottom-left-radius:50px !important}.stk-9d7e766 .stk-button__inner-text{color:#ffffff !important;font-weight:100 !important}<\/style><a class=\"stk-link stk-button stk--hover-effect-lift\" href=\"\/en\/www.mertalainnovations.fi\/mekaniikkasuunnittelu\/\"><span class=\"has-text-color stk-button__inner-text\">Read more about our mechanical engineering service<\/span><\/a><\/div>\n<\/div><\/div>\n<\/div><\/div><\/div>\n\n\n\n<div class=\"wp-block-stackable-column stk-block-column stk-column stk-block stk-488ea52\" data-v=\"4\" data-block-id=\"488ea52\"><div class=\"stk-column-wrapper stk-block-column__content stk-container stk-488ea52-container stk--no-background stk--no-padding\"><div class=\"stk-block-content stk-inner-blocks stk-488ea52-inner-blocks\">\n<div class=\"wp-block-stackable-button-group stk-block-button-group stk-block stk-ffea7a0\" data-block-id=\"ffea7a0\"><div class=\"stk-row stk-inner-blocks stk-block-content stk-button-group\">\n<div class=\"wp-block-stackable-button stk-block-button stk-block stk-b9d49fa\" data-block-id=\"b9d49fa\"><style>.stk-b9d49fa,.stk-b9d49fa .stk-button{width:100% !important}.stk-b9d49fa{flex:1 1 0 !important}.stk-b9d49fa .stk-button{min-height:0px !important;background:#000064 !important;border-top-left-radius:50px !important;border-top-right-radius:50px !important;border-bottom-right-radius:50px !important;border-bottom-left-radius:50px !important}.stk-b9d49fa .stk-button__inner-text{color:#ffffff !important;font-weight:100 !important}<\/style><a class=\"stk-link stk-button stk--hover-effect-lift\" href=\"\/en\/www.mertalainnovations.fi\/referenssit\/\"><span class=\"has-text-color stk-button__inner-text\">Explore more customer stories<\/span><\/a><\/div>\n<\/div><\/div>\n<\/div><\/div><\/div>\n<\/div><\/div>\n\n\n\n<div class=\"wp-block-stackable-divider stk-block-divider stk-block stk-e651088\" data-block-id=\"e651088\"><hr class=\"stk-block-divider__hr\"\/><\/div>\n\n\n\n<h4 class=\"wp-block-heading\">Request for Proposal Form<\/h4>\n\n\n<style id=\"wpforms-css-vars-root\">\n\t\t\t\t:root {\n\t\t\t\t\t--wpforms-field-border-radius: 3px;\n--wpforms-field-background-color: #ffffff;\n--wpforms-field-border-color: rgba( 0, 0, 0, 0.25 );\n--wpforms-field-text-color: rgba( 0, 0, 0, 0.7 );\n--wpforms-label-color: rgba( 0, 0, 0, 0.85 );\n--wpforms-label-sublabel-color: rgba( 0, 0, 0, 0.55 );\n--wpforms-label-error-color: #d63637;\n--wpforms-button-border-radius: 3px;\n--wpforms-button-background-color: #066aab;\n--wpforms-button-text-color: #ffffff;\n--wpforms-field-size-input-height: 43px;\n--wpforms-field-size-input-spacing: 15px;\n--wpforms-field-size-font-size: 16px;\n--wpforms-field-size-line-height: 19px;\n--wpforms-field-size-padding-h: 14px;\n--wpforms-field-size-checkbox-size: 16px;\n--wpforms-field-size-sublabel-spacing: 5px;\n--wpforms-field-size-icon-size: 1;\n--wpforms-label-size-font-size: 16px;\n--wpforms-label-size-line-height: 19px;\n--wpforms-label-size-sublabel-font-size: 14px;\n--wpforms-label-size-sublabel-line-height: 17px;\n--wpforms-button-size-font-size: 17px;\n--wpforms-button-size-height: 41px;\n--wpforms-button-size-padding-h: 15px;\n--wpforms-button-size-margin-top: 10px;\n\n\t\t\t\t}\n\t\t\t<\/style><div class=\"wpforms-container wpforms-container-full wpforms-block wpforms-block-6fda6c03-5905-4616-b49f-21b7ba6af00d wpforms-render-modern\" id=\"wpforms-1799\"><form id=\"wpforms-form-1799\" class=\"wpforms-validate wpforms-form wpforms-ajax-form\" data-formid=\"1799\" method=\"post\" enctype=\"multipart\/form-data\" action=\"\/en\/wp-json\/wp\/v2\/pages\/2170\" data-token=\"77ba724a2dca116edaf92f7c03108517\" data-trp-original-action=\"\/en\/wp-json\/wp\/v2\/pages\/2170\"><noscript class=\"wpforms-error-noscript\">Please enable JavaScript in your browser to complete this form.<\/noscript><div class=\"wpforms-hidden\" id=\"wpforms-error-noscript\">Please enable JavaScript in your browser to complete this form.<\/div><div class=\"wpforms-field-container\"><div id=\"wpforms-1799-field_6-container\" class=\"wpforms-field wpforms-field-name\" data-field-id=\"6\"><fieldset><legend class=\"wpforms-field-label wpforms-label-hide\" aria-hidden=\"false\">Nimi <span class=\"wpforms-required-label\" aria-hidden=\"true\">*<\/span><\/legend><div class=\"wpforms-field-row wpforms-field-large\"><div class=\"wpforms-field-row-block wpforms-first wpforms-one-half\"><input type=\"text\" id=\"wpforms-1799-field_6\" class=\"wpforms-field-name-first wpforms-field-required\" name=\"wpforms[fields][6][first]\" placeholder=\"First name *\" aria-errormessage=\"wpforms-1799-field_6-error\" required><label for=\"wpforms-1799-field_6\" class=\"wpforms-field-sublabel after wpforms-sublabel-hide\">First<\/label><\/div><div class=\"wpforms-field-row-block wpforms-one-half\"><input type=\"text\" id=\"wpforms-1799-field_6-last\" class=\"wpforms-field-name-last wpforms-field-required\" name=\"wpforms[fields][6][last]\" placeholder=\"Last name *\" aria-errormessage=\"wpforms-1799-field_6-last-error\" required><label for=\"wpforms-1799-field_6-last\" class=\"wpforms-field-sublabel after wpforms-sublabel-hide\">Last<\/label><\/div><\/div><\/fieldset><\/div><div id=\"wpforms-1799-field_8-container\" class=\"wpforms-field wpforms-field-text\" data-field-id=\"8\"><label class=\"wpforms-field-label wpforms-label-hide\" for=\"wpforms-1799-field_8\" aria-hidden=\"false\">About us<\/label><input type=\"text\" id=\"wpforms-1799-field_8\" class=\"wpforms-field-large\" name=\"wpforms[fields][8]\" placeholder=\"Company (optional)\" aria-errormessage=\"wpforms-1799-field_8-error\" ><\/div><div id=\"wpforms-1799-field_9-container\" class=\"wpforms-field wpforms-field-text\" data-field-id=\"9\"><label class=\"wpforms-field-label wpforms-label-hide\" for=\"wpforms-1799-field_9\" aria-hidden=\"false\">S\u00e4hk\u00f6postiosoite<\/label><input type=\"text\" id=\"wpforms-1799-field_9\" class=\"wpforms-field-large\" name=\"wpforms[fields][9]\" placeholder=\"Email *\" aria-errormessage=\"wpforms-1799-field_9-error\" ><\/div><div id=\"wpforms-1799-field_10-container\" class=\"wpforms-field wpforms-field-text\" data-field-id=\"10\"><label class=\"wpforms-field-label wpforms-label-hide\" for=\"wpforms-1799-field_10\" aria-hidden=\"false\">Puhelinnumero<\/label><input type=\"text\" id=\"wpforms-1799-field_10\" class=\"wpforms-field-large\" name=\"wpforms[fields][10]\" placeholder=\"Phone number (optional)\" aria-errormessage=\"wpforms-1799-field_10-error\" ><\/div><div id=\"wpforms-1799-field_7-container\" class=\"wpforms-field wpforms-field-text wpforms-first\" data-field-id=\"7\"><label class=\"wpforms-field-label wpforms-label-hide\" for=\"wpforms-1799-field_7\" aria-hidden=\"false\">Projekti <span class=\"wpforms-required-label\" aria-hidden=\"true\">*<\/span><\/label><input type=\"text\" id=\"wpforms-1799-field_7\" class=\"wpforms-field-large wpforms-field-required\" name=\"wpforms[fields][7]\" placeholder=\"Project *\" aria-errormessage=\"wpforms-1799-field_7-error\" required><\/div><div id=\"wpforms-1799-field_2-container\" class=\"wpforms-field wpforms-field-textarea\" data-field-id=\"2\"><label class=\"wpforms-field-label wpforms-label-hide\" for=\"wpforms-1799-field_2\" aria-hidden=\"false\">Kuvaus <span class=\"wpforms-required-label\" aria-hidden=\"true\">*<\/span><\/label><textarea id=\"wpforms-1799-field_2\" class=\"wpforms-field-large wpforms-field-required\" name=\"wpforms[fields][2]\" placeholder=\"Describe the project and design needs *\" aria-errormessage=\"wpforms-1799-field_2-error\" required><\/textarea><\/div><\/div><!-- .wpforms-field-container --><div class=\"wpforms-submit-container\" ><input type=\"hidden\" name=\"wpforms[id]\" value=\"1799\"><input type=\"hidden\" name=\"wpforms[author]\" value=\"3\"><button type=\"submit\" name=\"wpforms[submit]\" id=\"wpforms-submit-1799\" class=\"wpforms-submit\" data-alt-text=\"L\u00e4hett\u00e4\u00e4...\" data-submit-text=\"L\u00e4het\u00e4 tarjouspyynt\u00f6\" aria-live=\"assertive\" value=\"wpforms-submit\">Send<\/button><img loading=\"lazy\" decoding=\"async\" src=\"https:\/\/www.mertalainnovations.fi\/wp-content\/plugins\/wpforms-lite\/assets\/images\/submit-spin.svg\" class=\"wpforms-submit-spinner\" style=\"display: none;\" width=\"26\" height=\"26\" alt=\"Loading\"><\/div><input type=\"hidden\" name=\"trp-form-language\" value=\"en\"\/><\/form><\/div>  <!-- .wpforms-container -->","protected":false},"excerpt":{"rendered":"<p>Mik\u00e4 on ROTYX? ROTYX\u00ae on kotimainen teknologiayritys, joka tarjoaa innovatiivisia lis\u00e4laiteratkaisuja kaivinkoneisiin. ROTYX innovaatio perustuu hydrauliseen v\u00e4\u00e4nt\u00f6laitteeseen, joka korvaa perinteiset hydraulisylinterit. Hydraulisella v\u00e4\u00e4nt\u00f6laitteella toteutetun rakenteen ansiosta sill\u00e4 on eritt\u00e4in helppo ja nopea ty\u00f6skennell\u00e4 ahtaissa paikoissa ja kapeissa kaivannoissa sek\u00e4 seinien tms. esteiden l\u00e4hell\u00e4. V\u00e4\u00e4nt\u00f6laite &#8211; &#8221;Intelligent Power&#8221; ROTYX v\u00e4\u00e4nt\u00f6laitteen perusajatus on tuottaa suuri v\u00e4\u00e4nt\u00f6momentti pieness\u00e4 tilassa. Keskell\u00e4 oleva siipiakseli jakaa painekammion kahteen osaan. Kammioiden v\u00e4linen paine-ero luo v\u00e4\u00e4nt\u00f6voiman ja v\u00e4\u00e4nt\u00f6momentti v\u00e4littyy uritetun akselin kautta kallistuvaan osaan. Sen rakenne on eritt\u00e4in vahva ja kompakti ja mahdollistaa rototiltin matalan rakenteen. Matala rakenne on yksi t\u00e4rkeimmist\u00e4 ominaisuuksista, koska sen avulla kaivuuvoiman h\u00e4vi\u00f6 pystyt\u00e4\u00e4n\u2026<\/p>","protected":false},"author":3,"featured_media":2183,"parent":0,"menu_order":0,"comment_status":"closed","ping_status":"closed","template":"","meta":{"_monsterinsights_skip_tracking":false,"_monsterinsights_sitenote_active":false,"_monsterinsights_sitenote_note":"","_monsterinsights_sitenote_category":0,"footnotes":""},"class_list":["post-2170","page","type-page","status-publish","has-post-thumbnail","hentry"],"blocksy_meta":{"has_hero_section":"default"},"featured_image_urls":{"full":["https:\/\/www.mertalainnovations.fi\/wp-content\/uploads\/2024\/05\/ROTYX.jpg",1504,688,false],"thumbnail":["https:\/\/www.mertalainnovations.fi\/wp-content\/uploads\/2024\/05\/ROTYX-150x150.jpg",150,150,true],"medium":["https:\/\/www.mertalainnovations.fi\/wp-content\/uploads\/2024\/05\/ROTYX-300x137.jpg",300,137,true],"medium_large":["https:\/\/www.mertalainnovations.fi\/wp-content\/uploads\/2024\/05\/ROTYX-768x351.jpg",768,351,true],"large":["https:\/\/www.mertalainnovations.fi\/wp-content\/uploads\/2024\/05\/ROTYX-1024x468.jpg",1024,468,true],"rpg_gallery_admin_thumb":["https:\/\/www.mertalainnovations.fi\/wp-content\/uploads\/2024\/05\/ROTYX-150x150.jpg",150,150,true],"rpg_gallery_thumb":["https:\/\/www.mertalainnovations.fi\/wp-content\/uploads\/2024\/05\/ROTYX-150x150.jpg",150,150,true],"1536x1536":["https:\/\/www.mertalainnovations.fi\/wp-content\/uploads\/2024\/05\/ROTYX.jpg",1504,688,false],"2048x2048":["https:\/\/www.mertalainnovations.fi\/wp-content\/uploads\/2024\/05\/ROTYX.jpg",1504,688,false],"trp-custom-language-flag":["https:\/\/www.mertalainnovations.fi\/wp-content\/uploads\/2024\/05\/ROTYX-18x8.jpg",18,8,true]},"post_excerpt_stackable":"<p>Mik\u00e4 on ROTYX? ROTYX\u00ae on kotimainen teknologiayritys, joka tarjoaa innovatiivisia lis\u00e4laiteratkaisuja kaivinkoneisiin. ROTYX innovaatio perustuu hydrauliseen v\u00e4\u00e4nt\u00f6laitteeseen, joka korvaa perinteiset hydraulisylinterit. Hydraulisella v\u00e4\u00e4nt\u00f6laitteella toteutetun rakenteen ansiosta sill\u00e4 on eritt\u00e4in helppo ja nopea ty\u00f6skennell\u00e4 ahtaissa paikoissa ja kapeissa kaivannoissa sek\u00e4 seinien tms. esteiden l\u00e4hell\u00e4. Ty\u00f6ajan ja energian s\u00e4\u00e4st\u00f6 Parempi kaivuuty\u00f6n lopputulos Pienempi riski seinien, puiden, pylv\u00e4iden tai muiden mahdollisten kaivuualueen esteiden vaurioitumiselle V\u00e4hemm\u00e4n huoltokohteita Enemm\u00e4n kaivuuvoimaa V\u00e4\u00e4nt\u00f6laite &#8211; &#8221;Intelligent Power&#8221; ROTYX v\u00e4\u00e4nt\u00f6laitteen perusajatus on tuottaa suuri v\u00e4\u00e4nt\u00f6momentti pieness\u00e4 tilassa. Keskell\u00e4 oleva siipiakseli jakaa painekammion kahteen osaan. Kammioiden v\u00e4linen paine-ero luo v\u00e4\u00e4nt\u00f6voiman ja v\u00e4\u00e4nt\u00f6momentti v\u00e4littyy uritetun akselin kautta kallistuvaan osaan. Sen rakenne&hellip;<\/p>\n","category_list":"","author_info":{"name":"Asko Toropainen","url":"https:\/\/www.mertalainnovations.fi\/en\/author\/askotoropainen\/"},"comments_num":"0 comments","_links":{"self":[{"href":"https:\/\/www.mertalainnovations.fi\/en\/wp-json\/wp\/v2\/pages\/2170","targetHints":{"allow":["GET"]}}],"collection":[{"href":"https:\/\/www.mertalainnovations.fi\/en\/wp-json\/wp\/v2\/pages"}],"about":[{"href":"https:\/\/www.mertalainnovations.fi\/en\/wp-json\/wp\/v2\/types\/page"}],"author":[{"embeddable":true,"href":"https:\/\/www.mertalainnovations.fi\/en\/wp-json\/wp\/v2\/users\/3"}],"replies":[{"embeddable":true,"href":"https:\/\/www.mertalainnovations.fi\/en\/wp-json\/wp\/v2\/comments?post=2170"}],"version-history":[{"count":27,"href":"https:\/\/www.mertalainnovations.fi\/en\/wp-json\/wp\/v2\/pages\/2170\/revisions"}],"predecessor-version":[{"id":2674,"href":"https:\/\/www.mertalainnovations.fi\/en\/wp-json\/wp\/v2\/pages\/2170\/revisions\/2674"}],"wp:featuredmedia":[{"embeddable":true,"href":"https:\/\/www.mertalainnovations.fi\/en\/wp-json\/wp\/v2\/media\/2183"}],"wp:attachment":[{"href":"https:\/\/www.mertalainnovations.fi\/en\/wp-json\/wp\/v2\/media?parent=2170"}],"curies":[{"name":"wp","href":"https:\/\/api.w.org\/{rel}","templated":true}]}}