{"id":1883,"date":"2024-01-28T09:17:18","date_gmt":"2024-01-28T09:17:18","guid":{"rendered":"https:\/\/www.mertalainnovations.fi\/?page_id=1883"},"modified":"2024-04-18T07:39:15","modified_gmt":"2024-04-18T07:39:15","slug":"asiakastarina-levittimen-kaanteinen-mallinnus","status":"publish","type":"page","link":"https:\/\/www.mertalainnovations.fi\/en\/asiakastarina-levittimen-kaanteinen-mallinnus\/","title":{"rendered":"Case Rautaseiska - Reverse Engineering of a Spreader"},"content":{"rendered":"<div class=\"wp-block-stackable-columns stk-block-columns stk-block stk-78e4f83\" data-block-id=\"78e4f83\"><style>.stk-78e4f83{margin-bottom:0px !important}<\/style><div class=\"stk-row stk-inner-blocks stk-block-content stk-content-align stk-78e4f83-column\">\n<div class=\"wp-block-stackable-column stk-block-column stk-column stk-block stk-960eec7\" data-v=\"4\" data-block-id=\"960eec7\"><div class=\"stk-column-wrapper stk-block-column__content stk-container stk-960eec7-container stk--no-background stk--no-padding\"><div class=\"stk-block-content stk-inner-blocks stk-960eec7-inner-blocks\">\n<p>In a Sulkava-based engineering company Rautaseiska Ltd, custom-made individual machines and equipment for various needs are manufactured. In this case example, 3D scanning was utilized for reverse engineering in the design of a spreader tool. Since there were no precise dimensional data available for the 500 kg capacity spreader, it was decided to scan the component. Using a Handyscan Elite scanner, the scanning process took approximately 30 minutes. From the scanned model, a 3D model in STL format was saved and imported into Autodesk Inventor. With the precise 3D model, the design of the plate parts related to the spreader was carried out without any additional hassle.<\/p>\n\n\n\n<p>Lassi Toropainen, from the management of Rautaseiska, is satisfied with the execution.<\/p>\n\n\n\n<blockquote class=\"wp-block-stackable-blockquote stk-block-blockquote stk-block stk-4bac0ae is-style-default\" data-v=\"2\" data-block-id=\"4bac0ae\"><div class=\"has-text-align-left stk-block-blockquote__content stk-container stk-4bac0ae-container stk-hover-parent\"><div class=\"stk-block-content stk-inner-blocks\">\n<div class=\"wp-block-stackable-icon stk-block-icon stk-block stk-39efae1\" data-block-id=\"39efae1\"><span class=\"stk--svg-wrapper\"><div class=\"stk--inner-svg\"><svg style=\"height:0;width:0\"><defs><lineargradient id=\"linear-gradient-39efae1\" x1=\"0\" x2=\"100%\" y1=\"0\" y2=\"0\"><stop offset=\"0%\" style=\"stop-opacity:1;stop-color:var(--linear-gradient-39-efae-1-color-1)\"><\/stop><stop offset=\"100%\" style=\"stop-opacity:1;stop-color:var(--linear-gradient-39-efae-1-color-2)\"><\/stop><\/lineargradient><\/defs><\/svg><svg xmlns=\"http:\/\/www.w3.org\/2000\/svg\" viewbox=\"0 0 50 50\" aria-hidden=\"true\" width=\"32\" height=\"32\"><path d=\"M19.8 9.3C10.5 11.8 4.6 17 2.1 24.8c2.3-3.6 5.6-5.4 9.9-5.4 3.3 0 6 1.1 8.3 3.3 2.2 2.2 3.4 5 3.4 8.3 0 3.2-1.1 5.8-3.3 8-2.2 2.2-5.1 3.2-8.7 3.2-3.7 0-6.5-1.2-8.6-3.5C1 36.3 0 33.1 0 29 0 18.3 6.5 11.2 19.6 7.9l.2 1.4zm26.4 0C36.9 11.9 31 17 28.5 24.8c2.2-3.6 5.5-5.4 9.8-5.4 3.2 0 6 1.1 8.3 3.2 2.3 2.2 3.4 4.9 3.4 8.3 0 3.1-1.1 5.8-3.3 7.9-2.2 2.2-5.1 3.3-8.6 3.3-3.7 0-6.6-1.1-8.6-3.4-2.1-2.3-3.1-5.5-3.1-9.7 0-10.7 6.6-17.8 19.7-21.1l.1 1.4z\"><\/path><\/svg><\/div><\/span><\/div>\n\n\n\n<div class=\"wp-block-stackable-text stk-block-text stk-block stk-de52d13\" data-block-id=\"de52d13\"><p class=\"stk-block-text__text\"><em>The manufacturing process was pleasant to start when we knew that the fitting of the parts had been precisely done in the 3D model during the design phase, which was based on the physical object. The scanning method brought predictability to manufacturing in this case, and functional solutions could be planned in advance during the design phase, which shortened the manufacturing lead time and reduced manufacturing costs. We will likely continue to utilize this method in the future.<\/em><\/p><\/div>\n<\/div><\/div><\/blockquote>\n<\/div><\/div><\/div>\n\n\n\n<div class=\"wp-block-stackable-column stk-block-column stk-column stk-block stk-6f8a19f\" data-v=\"4\" data-block-id=\"6f8a19f\"><div class=\"stk-column-wrapper stk-block-column__content stk-container stk-6f8a19f-container stk--no-background stk--no-padding\"><div class=\"stk-block-content stk-inner-blocks stk-6f8a19f-inner-blocks\">\n<figure class=\"wp-block-image size-full\"><img loading=\"lazy\" decoding=\"async\" width=\"604\" height=\"487\" src=\"https:\/\/www.mertalainnovations.fi\/wp-content\/uploads\/2024\/01\/Kuva1.png\" alt=\"\" class=\"wp-image-1884\" srcset=\"https:\/\/www.mertalainnovations.fi\/wp-content\/uploads\/2024\/01\/Kuva1.png 604w, https:\/\/www.mertalainnovations.fi\/wp-content\/uploads\/2024\/01\/Kuva1-300x242.png 300w, https:\/\/www.mertalainnovations.fi\/wp-content\/uploads\/2024\/01\/Kuva1-15x12.png 15w\" sizes=\"auto, (max-width: 604px) 100vw, 604px\" \/><\/figure>\n<\/div><\/div><\/div>\n<\/div><\/div>\n\n\n\n<div class=\"wp-block-stackable-divider stk-block-divider stk-block stk-cc9c715\" data-block-id=\"cc9c715\"><hr class=\"stk-block-divider__hr\"\/><\/div>\n\n\n\n<div class=\"wp-block-stackable-columns stk-block-columns stk-block stk-713d870\" data-block-id=\"713d870\"><style>.stk-713d870{margin-bottom:0px !important}<\/style><div class=\"stk-row stk-inner-blocks stk-block-content stk-content-align stk-713d870-column\">\n<div class=\"wp-block-stackable-column stk-block-column stk-column stk-block stk-92d2c44\" data-v=\"4\" data-block-id=\"92d2c44\"><div class=\"stk-column-wrapper stk-block-column__content stk-container stk-92d2c44-container stk--no-background stk--no-padding\"><div class=\"stk-block-content stk-inner-blocks stk-92d2c44-inner-blocks\">\n<figure class=\"wp-block-image size-full\"><img loading=\"lazy\" decoding=\"async\" width=\"752\" height=\"394\" src=\"https:\/\/www.mertalainnovations.fi\/wp-content\/uploads\/2024\/01\/Kuva2.png\" alt=\"\" class=\"wp-image-1885\" srcset=\"https:\/\/www.mertalainnovations.fi\/wp-content\/uploads\/2024\/01\/Kuva2.png 752w, https:\/\/www.mertalainnovations.fi\/wp-content\/uploads\/2024\/01\/Kuva2-300x157.png 300w, https:\/\/www.mertalainnovations.fi\/wp-content\/uploads\/2024\/01\/Kuva2-18x9.png 18w\" sizes=\"auto, (max-width: 752px) 100vw, 752px\" \/><\/figure>\n<\/div><\/div><\/div>\n\n\n\n<div class=\"wp-block-stackable-column stk-block-column stk-column stk-block stk-c894e63\" data-v=\"4\" data-block-id=\"c894e63\"><div class=\"stk-column-wrapper stk-block-column__content stk-container stk-c894e63-container stk--no-background stk--no-padding\"><div class=\"stk-block-content stk-inner-blocks stk-c894e63-inner-blocks\">\n<p>The starting point of the scan was to obtain the necessary dimensional data in 3D format for the reverse modeling of the spreader. Therefore, small imperfections in the model were allowed, and there was no desire to spend unnecessary time on scanning or, for example, disassemble the spreader into small parts. In practice, the spreader was scanned from two positions, and the scans were merged together using common surfaces. With Handyscan Elite, the scanning accuracy can reach up to four hundredths of a millimeter, which enables its suitability for a wide range of precise needs.<\/p>\n<\/div><\/div><\/div>\n<\/div><\/div>\n\n\n\n<div class=\"wp-block-stackable-divider stk-block-divider stk-block stk-a29ed38\" data-block-id=\"a29ed38\"><hr class=\"stk-block-divider__hr\"\/><\/div>\n\n\n\n<div class=\"wp-block-stackable-columns stk-block-columns stk-block stk-18618c4\" data-block-id=\"18618c4\"><style>.stk-18618c4{margin-bottom:0px !important}<\/style><div class=\"stk-row stk-inner-blocks stk-block-content stk-content-align stk-18618c4-column\">\n<div class=\"wp-block-stackable-column stk-block-column stk-column stk-block stk-1f6dfe8\" data-v=\"4\" data-block-id=\"1f6dfe8\"><div class=\"stk-column-wrapper stk-block-column__content stk-container stk-1f6dfe8-container stk--no-background stk--no-padding\"><div class=\"stk-block-content stk-inner-blocks stk-1f6dfe8-inner-blocks\">\n<figure class=\"wp-block-image size-full is-resized\"><img loading=\"lazy\" decoding=\"async\" width=\"290\" height=\"207\" src=\"https:\/\/www.mertalainnovations.fi\/wp-content\/uploads\/2024\/01\/Kuva3.png\" alt=\"\" class=\"wp-image-1886\" style=\"width:424px;height:302px\" srcset=\"https:\/\/www.mertalainnovations.fi\/wp-content\/uploads\/2024\/01\/Kuva3.png 290w, https:\/\/www.mertalainnovations.fi\/wp-content\/uploads\/2024\/01\/Kuva3-18x12.png 18w\" sizes=\"auto, (max-width: 290px) 100vw, 290px\" \/><\/figure>\n<\/div><\/div><\/div>\n\n\n\n<div class=\"wp-block-stackable-column stk-block-column stk-column stk-block stk-33e4df2\" data-v=\"4\" data-block-id=\"33e4df2\"><div class=\"stk-column-wrapper stk-block-column__content stk-container stk-33e4df2-container stk--no-background stk--no-padding\"><div class=\"stk-block-content stk-inner-blocks stk-33e4df2-inner-blocks\">\n<figure class=\"wp-block-image size-full is-resized\"><img loading=\"lazy\" decoding=\"async\" width=\"359\" height=\"258\" src=\"https:\/\/www.mertalainnovations.fi\/wp-content\/uploads\/2024\/01\/Kuva4.png\" alt=\"\" class=\"wp-image-1887\" style=\"width:446px;height:321px\" srcset=\"https:\/\/www.mertalainnovations.fi\/wp-content\/uploads\/2024\/01\/Kuva4.png 359w, https:\/\/www.mertalainnovations.fi\/wp-content\/uploads\/2024\/01\/Kuva4-300x216.png 300w, https:\/\/www.mertalainnovations.fi\/wp-content\/uploads\/2024\/01\/Kuva4-18x12.png 18w\" sizes=\"auto, (max-width: 359px) 100vw, 359px\" \/><\/figure>\n<\/div><\/div><\/div>\n<\/div><\/div>\n\n\n\n<p>In comparison, the supplier's product image (red) and the scanned 3D model (blue)<\/p>\n\n\n\n<div class=\"wp-block-stackable-divider stk-block-divider stk-block stk-55d66d8\" data-block-id=\"55d66d8\"><hr class=\"stk-block-divider__hr\"\/><\/div>\n\n\n\n<div class=\"wp-block-stackable-columns stk-block-columns stk-block stk-0a001e2\" data-block-id=\"0a001e2\"><div class=\"stk-row stk-inner-blocks stk-block-content stk-content-align stk-0a001e2-column\">\n<div class=\"wp-block-stackable-column stk-block-column stk-column stk-block stk-a7b9da1\" data-v=\"4\" data-block-id=\"a7b9da1\"><div class=\"stk-column-wrapper stk-block-column__content stk-container stk-a7b9da1-container stk--no-background stk--no-padding\"><div class=\"stk-block-content stk-inner-blocks stk-a7b9da1-inner-blocks\">\n<div class=\"wp-block-stackable-button-group stk-block-button-group stk-block stk-b717ca6\" data-block-id=\"b717ca6\"><div class=\"stk-row stk-inner-blocks stk-block-content stk-button-group\">\n<div class=\"wp-block-stackable-button stk-block-button has-text-align-center stk-block stk-b400064\" data-block-id=\"b400064\"><style>.stk-b400064{border-top-left-radius:50px !important;border-top-right-radius:50px !important;border-bottom-right-radius:50px !important;border-bottom-left-radius:50px !important;overflow:hidden !important;flex:1 1 0 !important}.stk-b400064,.stk-b400064 .stk-button{width:100% !important}.stk-b400064 .stk-button{background:var(--paletteColor1,#000064) !important;border-top-left-radius:0px !important;border-top-right-radius:0px !important;border-bottom-right-radius:0px !important;border-bottom-left-radius:0px !important}.stk-b400064 .stk-button__inner-text{color:var(--paletteColor8,#ffffff) !important;font-weight:100 !important}<\/style><a class=\"stk-link stk-button stk--hover-effect-lift\" href=\"\/en\/www.mertalainnovations.fi\/skannauspalvelut\/\"><span class=\"has-text-color stk-button__inner-text\">Read more about laser scanning and 3D scanning<\/span><\/a><\/div>\n<\/div><\/div>\n<\/div><\/div><\/div>\n\n\n\n<div class=\"wp-block-stackable-column stk-block-column stk-column stk-block stk-2dbaf30\" data-v=\"4\" data-block-id=\"2dbaf30\"><div class=\"stk-column-wrapper stk-block-column__content stk-container stk-2dbaf30-container stk--no-background stk--no-padding\"><div class=\"stk-block-content stk-inner-blocks stk-2dbaf30-inner-blocks\">\n<div class=\"wp-block-stackable-button-group stk-block-button-group stk-block stk-a891b36\" data-block-id=\"a891b36\"><div class=\"stk-row stk-inner-blocks stk-block-content stk-button-group\">\n<div class=\"wp-block-stackable-button stk-block-button stk-block stk-e9e40e6\" data-block-id=\"e9e40e6\"><style>.stk-e9e40e6,.stk-e9e40e6 .stk-button{width:100% !important}.stk-e9e40e6{flex:1 1 0 !important}.stk-e9e40e6 .stk-button{background:var(--paletteColor1,#000064) !important;border-top-left-radius:50px !important;border-top-right-radius:50px !important;border-bottom-right-radius:50px !important;border-bottom-left-radius:50px !important}.stk-e9e40e6 .stk-button__inner-text{color:var(--paletteColor8,#ffffff) !important;font-weight:100 !important}<\/style><a class=\"stk-link stk-button stk--hover-effect-lift\" href=\"\/en\/www.mertalainnovations.fi\/referenssit\/\"><span class=\"has-text-color stk-button__inner-text\">Read more customer stories<\/span><\/a><\/div>\n<\/div><\/div>\n<\/div><\/div><\/div>\n<\/div><\/div>\n\n\n\n<div class=\"wp-block-stackable-divider stk-block-divider stk-block stk-7cb4e4e\" data-block-id=\"7cb4e4e\"><hr class=\"stk-block-divider__hr\"\/><\/div>\n\n\n\n<p><strong>Request for Proposal<\/strong><\/p>\n\n\n<style id=\"wpforms-css-vars-root\">\n\t\t\t\t:root {\n\t\t\t\t\t--wpforms-field-border-radius: 3px;\n--wpforms-field-background-color: #ffffff;\n--wpforms-field-border-color: rgba( 0, 0, 0, 0.25 );\n--wpforms-field-text-color: rgba( 0, 0, 0, 0.7 );\n--wpforms-label-color: rgba( 0, 0, 0, 0.85 );\n--wpforms-label-sublabel-color: rgba( 0, 0, 0, 0.55 );\n--wpforms-label-error-color: #d63637;\n--wpforms-button-border-radius: 3px;\n--wpforms-button-background-color: #066aab;\n--wpforms-button-text-color: #ffffff;\n--wpforms-field-size-input-height: 43px;\n--wpforms-field-size-input-spacing: 15px;\n--wpforms-field-size-font-size: 16px;\n--wpforms-field-size-line-height: 19px;\n--wpforms-field-size-padding-h: 14px;\n--wpforms-field-size-checkbox-size: 16px;\n--wpforms-field-size-sublabel-spacing: 5px;\n--wpforms-field-size-icon-size: 1;\n--wpforms-label-size-font-size: 16px;\n--wpforms-label-size-line-height: 19px;\n--wpforms-label-size-sublabel-font-size: 14px;\n--wpforms-label-size-sublabel-line-height: 17px;\n--wpforms-button-size-font-size: 17px;\n--wpforms-button-size-height: 41px;\n--wpforms-button-size-padding-h: 15px;\n--wpforms-button-size-margin-top: 10px;\n\n\t\t\t\t}\n\t\t\t<\/style><div class=\"wpforms-container wpforms-container-full wpforms-block wpforms-block-d955b6d4-022b-4f7f-bdb4-931e176782d1 wpforms-render-modern\" id=\"wpforms-439\"><form id=\"wpforms-form-439\" class=\"wpforms-validate wpforms-form wpforms-ajax-form\" data-formid=\"439\" method=\"post\" enctype=\"multipart\/form-data\" action=\"\/en\/wp-json\/wp\/v2\/pages\/1883\" data-token=\"fb8da5cb8bbf97cc4e6159d6ec65e56c\" data-trp-original-action=\"\/en\/wp-json\/wp\/v2\/pages\/1883\"><noscript class=\"wpforms-error-noscript\">Please enable JavaScript in your browser to complete this form.<\/noscript><div class=\"wpforms-hidden\" id=\"wpforms-error-noscript\">Please enable JavaScript in your browser to complete this form.<\/div><div class=\"wpforms-field-container\"><div id=\"wpforms-439-field_6-container\" class=\"wpforms-field wpforms-field-name\" data-field-id=\"6\"><fieldset><legend class=\"wpforms-field-label wpforms-label-hide\" aria-hidden=\"false\">Nimi <span class=\"wpforms-required-label\" aria-hidden=\"true\">*<\/span><\/legend><div class=\"wpforms-field-row wpforms-field-large\"><div class=\"wpforms-field-row-block wpforms-first wpforms-one-half\"><input type=\"text\" id=\"wpforms-439-field_6\" class=\"wpforms-field-name-first wpforms-field-required\" name=\"wpforms[fields][6][first]\" placeholder=\"First name *\" aria-errormessage=\"wpforms-439-field_6-error\" required><label for=\"wpforms-439-field_6\" class=\"wpforms-field-sublabel after wpforms-sublabel-hide\">First<\/label><\/div><div class=\"wpforms-field-row-block wpforms-one-half\"><input type=\"text\" id=\"wpforms-439-field_6-last\" class=\"wpforms-field-name-last wpforms-field-required\" name=\"wpforms[fields][6][last]\" placeholder=\"Last name *\" aria-errormessage=\"wpforms-439-field_6-last-error\" required><label for=\"wpforms-439-field_6-last\" class=\"wpforms-field-sublabel after wpforms-sublabel-hide\">Last<\/label><\/div><\/div><\/fieldset><\/div><div id=\"wpforms-439-field_10-container\" class=\"wpforms-field wpforms-field-text\" data-field-id=\"10\"><label class=\"wpforms-field-label wpforms-label-hide\" for=\"wpforms-439-field_10\" aria-hidden=\"false\">S\u00e4hk\u00f6postiosoite <span class=\"wpforms-required-label\" aria-hidden=\"true\">*<\/span><\/label><input type=\"text\" id=\"wpforms-439-field_10\" class=\"wpforms-field-large wpforms-field-required\" name=\"wpforms[fields][10]\" placeholder=\"Email *\" aria-errormessage=\"wpforms-439-field_10-error\" required><\/div><div id=\"wpforms-439-field_12-container\" class=\"wpforms-field wpforms-field-text\" data-field-id=\"12\"><label class=\"wpforms-field-label wpforms-label-hide\" for=\"wpforms-439-field_12\" aria-hidden=\"false\">About us<\/label><input type=\"text\" id=\"wpforms-439-field_12\" class=\"wpforms-field-large\" name=\"wpforms[fields][12]\" placeholder=\"Company (optional)\" aria-errormessage=\"wpforms-439-field_12-error\" ><\/div><div id=\"wpforms-439-field_11-container\" class=\"wpforms-field wpforms-field-text\" data-field-id=\"11\"><label class=\"wpforms-field-label wpforms-label-hide\" for=\"wpforms-439-field_11\" aria-hidden=\"false\">Puhelinnumero<\/label><input type=\"text\" id=\"wpforms-439-field_11\" class=\"wpforms-field-large\" name=\"wpforms[fields][11]\" placeholder=\"Phone number (optional)\" aria-errormessage=\"wpforms-439-field_11-error\" ><\/div><div id=\"wpforms-439-field_7-container\" class=\"wpforms-field wpforms-field-text wpforms-first\" data-field-id=\"7\"><label class=\"wpforms-field-label wpforms-label-hide\" for=\"wpforms-439-field_7\" aria-hidden=\"false\">Kohde <span class=\"wpforms-required-label\" aria-hidden=\"true\">*<\/span><\/label><input type=\"text\" id=\"wpforms-439-field_7\" class=\"wpforms-field-large wpforms-field-required\" name=\"wpforms[fields][7]\" placeholder=\"Object to be scanned *\" aria-errormessage=\"wpforms-439-field_7-error\" required><\/div><div id=\"wpforms-439-field_2-container\" class=\"wpforms-field wpforms-field-textarea\" data-field-id=\"2\"><label class=\"wpforms-field-label wpforms-label-hide\" for=\"wpforms-439-field_2\" aria-hidden=\"false\">Kuvaus <span class=\"wpforms-required-label\" aria-hidden=\"true\">*<\/span><\/label><textarea id=\"wpforms-439-field_2\" class=\"wpforms-field-large wpforms-field-required\" name=\"wpforms[fields][2]\" placeholder=\"Describe the object to be scanned. If it is a space, please provide an approximate area. *\" aria-errormessage=\"wpforms-439-field_2-error\" required><\/textarea><\/div><\/div><!-- .wpforms-field-container --><div class=\"wpforms-submit-container\" ><input type=\"hidden\" name=\"wpforms[id]\" value=\"439\"><input type=\"hidden\" name=\"wpforms[author]\" value=\"4\"><button type=\"submit\" name=\"wpforms[submit]\" id=\"wpforms-submit-439\" class=\"wpforms-submit\" data-alt-text=\"L\u00e4hett\u00e4\u00e4...\" data-submit-text=\"L\u00e4het\u00e4 tarjouspyynt\u00f6\" aria-live=\"assertive\" value=\"wpforms-submit\">Send<\/button><img loading=\"lazy\" decoding=\"async\" src=\"https:\/\/www.mertalainnovations.fi\/wp-content\/plugins\/wpforms-lite\/assets\/images\/submit-spin.svg\" class=\"wpforms-submit-spinner\" style=\"display: none;\" width=\"26\" height=\"26\" alt=\"Loading\"><\/div><input type=\"hidden\" name=\"trp-form-language\" value=\"en\"\/><\/form><\/div>  <!-- .wpforms-container -->","protected":false},"excerpt":{"rendered":"<p>Sulkavalaisessa konepajayhti\u00f6 Rautaseiska Oy:ss\u00e4 valmistetaan asiakasr\u00e4\u00e4t\u00e4l\u00f6ityj\u00e4 yksitt\u00e4iskoneita ja laitteita erilaisiin tarpeisiin. T\u00e4ss\u00e4 tapausesimerkiss\u00e4 hy\u00f6dynnettiin 3D-skannausta k\u00e4\u00e4nteiseen mallinnukseen levitinty\u00f6kalun suunnittelussa. Koska kapasiteetiltaan 500 kg levittimest\u00e4 ei ollut saatavilla tarkkoja mittatietoja, p\u00e4\u00e4dyttiin kappale skannaamaan. Handyscan Elite skannerilla skannaukseen k\u00e4ytettiin aikaa kaikkiaan n. 30 minuuttia. Skannatusta mallista tallennettiin 3D-malli stl-muodossa, joka nostettiin Autodesk Inventoriin. Inventorissa tehtiin p\u00e4\u00e4llemallinnus stl. mallin avulla. Tarkan 3D-mallin avulla levittimeen liittyvien levyosien suunnittelu sujui ilman ylim\u00e4\u00e4r\u00e4ist\u00e4 p\u00e4\u00e4nvaivaa. Lassi Toropainen Rautaseiskan tehtaanjohdosta kertoo olevansa tyytyv\u00e4inen toteutustapaan Valmistus oli mukava aloittaa, kun tiedettiin, ett\u00e4 osien sovitus on suunnitteluvaiheessa tehty tarkkaan 3D-malliin, joka perustuu fyysiseen kappaleeseen. Skannausmenetelm\u00e4 toi t\u00e4ss\u00e4 tapauksessa ennustettavuutta valmistukseen\u2026<\/p>","protected":false},"author":4,"featured_media":0,"parent":0,"menu_order":0,"comment_status":"closed","ping_status":"closed","template":"","meta":{"_monsterinsights_skip_tracking":false,"_monsterinsights_sitenote_active":false,"_monsterinsights_sitenote_note":"","_monsterinsights_sitenote_category":0,"footnotes":""},"class_list":["post-1883","page","type-page","status-publish","hentry"],"blocksy_meta":"","featured_image_urls":{"full":"","thumbnail":"","medium":"","medium_large":"","large":"","rpg_gallery_admin_thumb":"","rpg_gallery_thumb":"","1536x1536":"","2048x2048":"","trp-custom-language-flag":""},"post_excerpt_stackable":"<p>Sulkavalaisessa konepajayhti\u00f6 Rautaseiska Oy:ss\u00e4 valmistetaan asiakasr\u00e4\u00e4t\u00e4l\u00f6ityj\u00e4 yksitt\u00e4iskoneita ja laitteita erilaisiin tarpeisiin. T\u00e4ss\u00e4 tapausesimerkiss\u00e4 hy\u00f6dynnettiin 3D-skannausta k\u00e4\u00e4nteiseen mallinnukseen levitinty\u00f6kalun suunnittelussa. Koska kapasiteetiltaan 500 kg levittimest\u00e4 ei ollut saatavilla tarkkoja mittatietoja, p\u00e4\u00e4dyttiin kappale skannaamaan. Handyscan Elite skannerilla skannaukseen k\u00e4ytettiin aikaa kaikkiaan n. 30 minuuttia. Skannatusta mallista tallennettiin 3D-malli stl-muodossa, joka nostettiin Autodesk Inventoriin. Inventorissa tehtiin p\u00e4\u00e4llemallinnus stl. mallin avulla. Tarkan 3D-mallin avulla levittimeen liittyvien levyosien suunnittelu sujui ilman ylim\u00e4\u00e4r\u00e4ist\u00e4 p\u00e4\u00e4nvaivaa. Lassi Toropainen Rautaseiskan tehtaanjohdosta kertoo olevansa tyytyv\u00e4inen toteutustapaan Valmistus oli mukava aloittaa, kun tiedettiin, ett\u00e4 osien sovitus on suunnitteluvaiheessa tehty tarkkaan 3D-malliin, joka perustuu fyysiseen kappaleeseen. Skannausmenetelm\u00e4 toi t\u00e4ss\u00e4 tapauksessa ennustettavuutta valmistukseen&hellip;<\/p>\n","category_list":"","author_info":{"name":"Lauri Rauhala","url":"https:\/\/www.mertalainnovations.fi\/en\/author\/laurirauhala\/"},"comments_num":"0 comments","_links":{"self":[{"href":"https:\/\/www.mertalainnovations.fi\/en\/wp-json\/wp\/v2\/pages\/1883","targetHints":{"allow":["GET"]}}],"collection":[{"href":"https:\/\/www.mertalainnovations.fi\/en\/wp-json\/wp\/v2\/pages"}],"about":[{"href":"https:\/\/www.mertalainnovations.fi\/en\/wp-json\/wp\/v2\/types\/page"}],"author":[{"embeddable":true,"href":"https:\/\/www.mertalainnovations.fi\/en\/wp-json\/wp\/v2\/users\/4"}],"replies":[{"embeddable":true,"href":"https:\/\/www.mertalainnovations.fi\/en\/wp-json\/wp\/v2\/comments?post=1883"}],"version-history":[{"count":9,"href":"https:\/\/www.mertalainnovations.fi\/en\/wp-json\/wp\/v2\/pages\/1883\/revisions"}],"predecessor-version":[{"id":2107,"href":"https:\/\/www.mertalainnovations.fi\/en\/wp-json\/wp\/v2\/pages\/1883\/revisions\/2107"}],"wp:attachment":[{"href":"https:\/\/www.mertalainnovations.fi\/en\/wp-json\/wp\/v2\/media?parent=1883"}],"curies":[{"name":"wp","href":"https:\/\/api.w.org\/{rel}","templated":true}]}}